{"id":11,"date":"2022-06-30T09:51:54","date_gmt":"2022-06-30T09:51:54","guid":{"rendered":"https:\/\/hortifruit.com\/?page_id=11"},"modified":"2022-10-28T12:58:21","modified_gmt":"2022-10-28T10:58:21","slug":"politica-de-cookies","status":"publish","type":"page","link":"https:\/\/hortifruit.com\/de\/politica-de-cookies\/","title":{"rendered":"Cookie-Richtlinie"},"content":{"rendered":"<div data-elementor-type=\"wp-page\" data-elementor-id=\"11\" class=\"elementor elementor-11\" data-elementor-post-type=\"page\">\n\t\t\t\t\t\t<section class=\"elementor-section elementor-top-section elementor-element elementor-element-2d03905b elementor-section-boxed elementor-section-height-default elementor-section-height-default\" data-id=\"2d03905b\" data-element_type=\"section\">\n\t\t\t\t\t\t<div class=\"elementor-container elementor-column-gap-default\">\n\t\t\t\t\t<div class=\"elementor-column elementor-col-100 elementor-top-column elementor-element elementor-element-1ae655ed\" data-id=\"1ae655ed\" data-element_type=\"column\">\n\t\t\t<div class=\"elementor-widget-wrap elementor-element-populated\">\n\t\t\t\t\t\t<div class=\"elementor-element elementor-element-1de2f9 elementor-widget elementor-widget-heading\" data-id=\"1de2f9\" data-element_type=\"widget\" data-widget_type=\"heading.default\">\n\t\t\t\t<div class=\"elementor-widget-container\">\n\t\t\t\t\t<h2 class=\"elementor-heading-title elementor-size-default\">Cookie-Richtlinie<\/h2>\t\t\t\t<\/div>\n\t\t\t\t<\/div>\n\t\t\t\t<div class=\"elementor-element elementor-element-7dcb3bef elementor-widget-divider--view-line_icon elementor-widget-divider--element-align-left elementor-view-default elementor-widget elementor-widget-divider\" data-id=\"7dcb3bef\" data-element_type=\"widget\" data-widget_type=\"divider.default\">\n\t\t\t\t<div class=\"elementor-widget-container\">\n\t\t\t\t\t\t\t<div class=\"elementor-divider\">\n\t\t\t<span class=\"elementor-divider-separator\">\n\t\t\t\t\t\t\t<div class=\"elementor-icon elementor-divider__element\">\n\t\t\t\t\t<i aria-hidden=\"true\" class=\"fas fa-scroll\"><\/i><\/div>\n\t\t\t\t\t\t<\/span>\n\t\t<\/div>\n\t\t\t\t\t\t<\/div>\n\t\t\t\t<\/div>\n\t\t\t\t<section class=\"elementor-section elementor-inner-section elementor-element elementor-element-76a2923a elementor-section-boxed elementor-section-height-default elementor-section-height-default\" data-id=\"76a2923a\" data-element_type=\"section\">\n\t\t\t\t\t\t<div class=\"elementor-container elementor-column-gap-default\">\n\t\t\t\t\t<div class=\"elementor-column elementor-col-50 elementor-inner-column elementor-element elementor-element-5c7c9222\" data-id=\"5c7c9222\" data-element_type=\"column\">\n\t\t\t<div class=\"elementor-widget-wrap elementor-element-populated\">\n\t\t\t\t\t\t<div class=\"elementor-element elementor-element-74204c52 elementor-icon-list--layout-traditional elementor-list-item-link-full_width elementor-widget elementor-widget-icon-list\" data-id=\"74204c52\" data-element_type=\"widget\" data-widget_type=\"icon-list.default\">\n\t\t\t\t<div class=\"elementor-widget-container\">\n\t\t\t\t\t\t\t<ul class=\"elementor-icon-list-items\">\n\t\t\t\t\t\t\t<li class=\"elementor-icon-list-item\">\n\t\t\t\t\t\t\t\t\t\t\t<a href=\"#1\">\n\n\t\t\t\t\t\t\t\t\t\t\t\t<span class=\"elementor-icon-list-icon\">\n\t\t\t\t\t\t\t<i aria-hidden=\"true\" class=\"fas fa-arrow-circle-right\"><\/i>\t\t\t\t\t\t<\/span>\n\t\t\t\t\t\t\t\t\t\t<span class=\"elementor-icon-list-text\">DEFINITION VON COOKIES<\/span>\n\t\t\t\t\t\t\t\t\t\t\t<\/a>\n\t\t\t\t\t\t\t\t\t<\/li>\n\t\t\t\t\t\t\t\t<li class=\"elementor-icon-list-item\">\n\t\t\t\t\t\t\t\t\t\t\t<a href=\"#2\">\n\n\t\t\t\t\t\t\t\t\t\t\t\t<span class=\"elementor-icon-list-icon\">\n\t\t\t\t\t\t\t<i aria-hidden=\"true\" class=\"fas fa-arrow-circle-right\"><\/i>\t\t\t\t\t\t<\/span>\n\t\t\t\t\t\t\t\t\t\t<span class=\"elementor-icon-list-text\">VERWENDETE COOKIES<\/span>\n\t\t\t\t\t\t\t\t\t\t\t<\/a>\n\t\t\t\t\t\t\t\t\t<\/li>\n\t\t\t\t\t\t\t\t<li class=\"elementor-icon-list-item\">\n\t\t\t\t\t\t\t\t\t\t\t<a href=\"#3\">\n\n\t\t\t\t\t\t\t\t\t\t\t\t<span class=\"elementor-icon-list-icon\">\n\t\t\t\t\t\t\t<i aria-hidden=\"true\" class=\"fas fa-arrow-circle-right\"><\/i>\t\t\t\t\t\t<\/span>\n\t\t\t\t\t\t\t\t\t\t<span class=\"elementor-icon-list-text\">Pr\u00e4ferenz-Cookies<\/span>\n\t\t\t\t\t\t\t\t\t\t\t<\/a>\n\t\t\t\t\t\t\t\t\t<\/li>\n\t\t\t\t\t\t\t\t<li class=\"elementor-icon-list-item\">\n\t\t\t\t\t\t\t\t\t\t\t<a href=\"#4\">\n\n\t\t\t\t\t\t\t\t\t\t\t\t<span class=\"elementor-icon-list-icon\">\n\t\t\t\t\t\t\t<i aria-hidden=\"true\" class=\"fas fa-arrow-circle-right\"><\/i>\t\t\t\t\t\t<\/span>\n\t\t\t\t\t\t\t\t\t\t<span class=\"elementor-icon-list-text\">Statistik-Cookies<\/span>\n\t\t\t\t\t\t\t\t\t\t\t<\/a>\n\t\t\t\t\t\t\t\t\t<\/li>\n\t\t\t\t\t\t\t\t<li class=\"elementor-icon-list-item\">\n\t\t\t\t\t\t\t\t\t\t\t<a href=\"#5\">\n\n\t\t\t\t\t\t\t\t\t\t\t\t<span class=\"elementor-icon-list-icon\">\n\t\t\t\t\t\t\t<i aria-hidden=\"true\" class=\"fas fa-arrow-circle-right\"><\/i>\t\t\t\t\t\t<\/span>\n\t\t\t\t\t\t\t\t\t\t<span class=\"elementor-icon-list-text\">Marketing-Cookies<\/span>\n\t\t\t\t\t\t\t\t\t\t\t<\/a>\n\t\t\t\t\t\t\t\t\t<\/li>\n\t\t\t\t\t\t\t\t<li class=\"elementor-icon-list-item\">\n\t\t\t\t\t\t\t\t\t\t\t<a href=\"#6\">\n\n\t\t\t\t\t\t\t\t\t\t\t\t<span class=\"elementor-icon-list-icon\">\n\t\t\t\t\t\t\t<i aria-hidden=\"true\" class=\"fas fa-arrow-circle-right\"><\/i>\t\t\t\t\t\t<\/span>\n\t\t\t\t\t\t\t\t\t\t<span class=\"elementor-icon-list-text\">So deaktivieren Sie Cookies in den wichtigsten Browsern<\/span>\n\t\t\t\t\t\t\t\t\t\t\t<\/a>\n\t\t\t\t\t\t\t\t\t<\/li>\n\t\t\t\t\t\t<\/ul>\n\t\t\t\t\t\t<\/div>\n\t\t\t\t<\/div>\n\t\t\t\t\t<\/div>\n\t\t<\/div>\n\t\t\t\t<div class=\"elementor-column elementor-col-50 elementor-inner-column elementor-element elementor-element-2f216b26\" data-id=\"2f216b26\" data-element_type=\"column\">\n\t\t\t<div class=\"elementor-widget-wrap\">\n\t\t\t\t\t\t\t<\/div>\n\t\t<\/div>\n\t\t\t\t\t<\/div>\n\t\t<\/section>\n\t\t\t\t<div class=\"elementor-element elementor-element-40f23491 elementor-widget elementor-widget-spacer\" data-id=\"40f23491\" data-element_type=\"widget\" data-widget_type=\"spacer.default\">\n\t\t\t\t<div class=\"elementor-widget-container\">\n\t\t\t\t\t\t\t<div class=\"elementor-spacer\">\n\t\t\t<div class=\"elementor-spacer-inner\"><\/div>\n\t\t<\/div>\n\t\t\t\t\t\t<\/div>\n\t\t\t\t<\/div>\n\t\t\t\t<div class=\"elementor-element elementor-element-57485947 elementor-widget elementor-widget-menu-anchor\" data-id=\"57485947\" data-element_type=\"widget\" data-widget_type=\"menu-anchor.default\">\n\t\t\t\t<div class=\"elementor-widget-container\">\n\t\t\t\t\t\t\t<div class=\"elementor-menu-anchor\" id=\"1\"><\/div>\n\t\t\t\t\t\t<\/div>\n\t\t\t\t<\/div>\n\t\t\t\t<div class=\"elementor-element elementor-element-3b00ca4f elementor-widget elementor-widget-text-editor\" data-id=\"3b00ca4f\" data-element_type=\"widget\" data-widget_type=\"text-editor.default\">\n\t\t\t\t<div class=\"elementor-widget-container\">\n\t\t\t\t\t\t\t\t\t<h4><strong>DEFINITION VON COOKIES<\/strong><\/h4><p>Cookies sind Kennungen, die wir \u00fcber Ihren Webbrowser an die Festplatte Ihres Computers senden, damit unsere Systeme Ihren Browser erkennen und Ihnen bestimmte Dienste anbieten k\u00f6nnen.<\/p><p>Diese Seite verwendet verschiedene Arten von Cookies. Einige Cookies werden von Drittanbietern platziert, die auf unseren Seiten erscheinen.<\/p><p>Nachfolgend geben wir die von dieser Seite verwendeten Cookies an.<\/p>\t\t\t\t\t\t\t\t<\/div>\n\t\t\t\t<\/div>\n\t\t\t\t<div class=\"elementor-element elementor-element-13807632 elementor-widget elementor-widget-menu-anchor\" data-id=\"13807632\" data-element_type=\"widget\" data-widget_type=\"menu-anchor.default\">\n\t\t\t\t<div class=\"elementor-widget-container\">\n\t\t\t\t\t\t\t<div class=\"elementor-menu-anchor\" id=\"2\"><\/div>\n\t\t\t\t\t\t<\/div>\n\t\t\t\t<\/div>\n\t\t\t\t<div class=\"elementor-element elementor-element-2ad53a0f elementor-widget elementor-widget-text-editor\" data-id=\"2ad53a0f\" data-element_type=\"widget\" data-widget_type=\"text-editor.default\">\n\t\t\t\t<div class=\"elementor-widget-container\">\n\t\t\t\t\t\t\t\t\t<h4>VERWENDETE COOKIES<\/h4><p><strong>Notwendige Cookies<\/strong><\/p><p>Notwendige Cookies tragen dazu bei, eine Website nutzbar zu machen, indem sie Grundfunktionen wie Seitennavigation und Zugriff auf sichere Bereiche der Website erm\u00f6glichen. Ohne diese Cookies kann die Website nicht ordnungsgem\u00e4\u00df funktionieren.<\/p><table width=\"97%\"><tbody><tr><td width=\"14%\"><p><strong>Name<\/strong><\/p><\/td><td width=\"23%\"><p><strong>Anbieter<\/strong><\/p><\/td><td width=\"24%\"><p><strong>Zweck<\/strong><\/p><\/td><td width=\"37%\"><p><strong>Ablauf<\/strong><\/p><\/td><\/tr><tr><td width=\"14%\"><p>Cookie-einverstanden<\/p><\/td><td width=\"23%\"><p>\u00a0<\/p><\/td><td width=\"24%\"><p>Erfahren Sie, ob der Benutzer beispielsweise die Cookie-Warnung akzeptiert hat.<\/p><\/td><td width=\"37%\"><p>3 Monate<\/p><\/td><\/tr><\/tbody><\/table>\t\t\t\t\t\t\t\t<\/div>\n\t\t\t\t<\/div>\n\t\t\t\t<div class=\"elementor-element elementor-element-7d552f8c elementor-widget elementor-widget-menu-anchor\" data-id=\"7d552f8c\" data-element_type=\"widget\" data-widget_type=\"menu-anchor.default\">\n\t\t\t\t<div class=\"elementor-widget-container\">\n\t\t\t\t\t\t\t<div class=\"elementor-menu-anchor\" id=\"3\"><\/div>\n\t\t\t\t\t\t<\/div>\n\t\t\t\t<\/div>\n\t\t\t\t<div class=\"elementor-element elementor-element-5e1c6418 elementor-widget elementor-widget-text-editor\" data-id=\"5e1c6418\" data-element_type=\"widget\" data-widget_type=\"text-editor.default\">\n\t\t\t\t<div class=\"elementor-widget-container\">\n\t\t\t\t\t\t\t\t\t<h4>BEVORZUGTE COOKIES<\/h4><p>Pr\u00e4ferenz-Cookies erm\u00f6glichen es der Website, sich Informationen zu merken, die das Verhalten oder Aussehen der Website \u00e4ndern, z. B. Ihre bevorzugte Sprache oder die Region, in der Sie sich befinden.<\/p>\t\t\t\t\t\t\t\t<\/div>\n\t\t\t\t<\/div>\n\t\t\t\t<div class=\"elementor-element elementor-element-748915b2 elementor-widget elementor-widget-menu-anchor\" data-id=\"748915b2\" data-element_type=\"widget\" data-widget_type=\"menu-anchor.default\">\n\t\t\t\t<div class=\"elementor-widget-container\">\n\t\t\t\t\t\t\t<div class=\"elementor-menu-anchor\" id=\"4\"><\/div>\n\t\t\t\t\t\t<\/div>\n\t\t\t\t<\/div>\n\t\t\t\t<div class=\"elementor-element elementor-element-3a04f9ea elementor-widget elementor-widget-text-editor\" data-id=\"3a04f9ea\" data-element_type=\"widget\" data-widget_type=\"text-editor.default\">\n\t\t\t\t<div class=\"elementor-widget-container\">\n\t\t\t\t\t\t\t\t\t<h4><strong>STATISTIK-COOKIES<\/strong><\/h4><p>Statistische Cookies helfen Websitebesitzern zu verstehen, wie Besucher mit Websites interagieren, indem sie Informationen anonym sammeln und bereitstellen.<\/p><table width=\"97%\"><tbody><tr><td width=\"14%\"><p><strong>Name<\/strong><\/p><\/td><td width=\"23%\"><p><strong>Anbieter<\/strong><\/p><\/td><td width=\"24%\"><p><strong>Zweck<\/strong><\/p><\/td><td width=\"37%\"><p><strong>Ablauf<\/strong><\/p><\/td><\/tr><tr><td width=\"14%\"><p>_ga<\/p><\/td><td width=\"23%\"><p>\u00a0<\/p><\/td><td width=\"24%\"><p>Registriert eine eindeutige ID, die zur Generierung statistischer Daten dar\u00fcber verwendet wird, wie der Besucher die Website nutzt<\/p><\/td><td width=\"37%\"><p>2 Jahre<\/p><\/td><\/tr><tr><td width=\"14%\"><p>_gid<\/p><\/td><td width=\"23%\"><p>\u00a0<\/p><\/td><td width=\"24%\"><p>Registriert eine eindeutige ID, die zur Generierung statistischer Daten dar\u00fcber verwendet wird, wie der Besucher die Website nutzt.<\/p><\/td><td width=\"37%\"><p>1 Tag<\/p><\/td><\/tr><tr><td width=\"14%\"><p>_gat<\/p><\/td><td width=\"23%\"><p>\u00a0<\/p><\/td><td width=\"24%\"><p>Wird verwendet, um den Prozentsatz der Anfragen zu begrenzen<\/p><\/td><td width=\"37%\"><p>Sitzungscookie<\/p><\/td><\/tr><\/tbody><\/table>\t\t\t\t\t\t\t\t<\/div>\n\t\t\t\t<\/div>\n\t\t\t\t<div class=\"elementor-element elementor-element-11a5f658 elementor-widget elementor-widget-menu-anchor\" data-id=\"11a5f658\" data-element_type=\"widget\" data-widget_type=\"menu-anchor.default\">\n\t\t\t\t<div class=\"elementor-widget-container\">\n\t\t\t\t\t\t\t<div class=\"elementor-menu-anchor\" id=\"5\"><\/div>\n\t\t\t\t\t\t<\/div>\n\t\t\t\t<\/div>\n\t\t\t\t<div class=\"elementor-element elementor-element-32f2ce87 elementor-widget elementor-widget-text-editor\" data-id=\"32f2ce87\" data-element_type=\"widget\" data-widget_type=\"text-editor.default\">\n\t\t\t\t<div class=\"elementor-widget-container\">\n\t\t\t\t\t\t\t\t\t<h4><strong>Marketing-Cookies<\/strong><\/h4><p>Marketing-Cookies werden verwendet, um Besucher auf Webseiten zu verfolgen. Ziel ist es, Anzeigen anzuzeigen, die f\u00fcr den einzelnen Benutzer relevant und ansprechend sind und daher f\u00fcr Publisher und Drittwerbetreibende wertvoller sind.<\/p>\t\t\t\t\t\t\t\t<\/div>\n\t\t\t\t<\/div>\n\t\t\t\t<div class=\"elementor-element elementor-element-23f827ea elementor-widget elementor-widget-menu-anchor\" data-id=\"23f827ea\" data-element_type=\"widget\" data-widget_type=\"menu-anchor.default\">\n\t\t\t\t<div class=\"elementor-widget-container\">\n\t\t\t\t\t\t\t<div class=\"elementor-menu-anchor\" id=\"6\"><\/div>\n\t\t\t\t\t\t<\/div>\n\t\t\t\t<\/div>\n\t\t\t\t<div class=\"elementor-element elementor-element-18a476b0 elementor-widget elementor-widget-text-editor\" data-id=\"18a476b0\" data-element_type=\"widget\" data-widget_type=\"text-editor.default\">\n\t\t\t\t<div class=\"elementor-widget-container\">\n\t\t\t\t\t\t\t\t\t<h4>SO DEAKTIVIEREN SIE COOKIES IN DEN HAUPTBrowsern<\/h4><p>Normalerweise ist es m\u00f6glich, die Annahme von Cookies durch den Browser oder die Annahme von Cookies durch einen bestimmten Dienst zu stoppen.<\/p><p>In allen modernen Browsern k\u00f6nnen Sie die Cookie-Einstellungen \u00e4ndern. Diese Einstellungen finden Sie normalerweise im Men\u00fc \u201eOptionen\u201c oder \u201eEinstellungen\u201c Ihres Browsers. Sie k\u00f6nnen auch Ihren Browser oder E-Mail-Manager konfigurieren.<\/p><p>Im Folgenden finden Sie Anleitungen f\u00fcr den Benutzer zu den Schritten zum Zugriff auf das Cookie-Konfigurationsmen\u00fc und gegebenenfalls zum privaten Surfen in jedem der Hauptbrowser:<\/p><p><strong>Internet Explorer:<\/strong>\u00a0Extras -&gt; Internetoptionen -&gt; Datenschutz -&gt; Einstellungen. Weitere Informationen finden Sie im\u00a0<a href=\"http:\/\/windows.microsoft.com\/es-ES\/windows\/support\" target=\"_blank\" rel=\"noopener\">Microsoft-Unterst\u00fctzung<\/a>\u00a0oder die Browser-Hilfe.<\/p><p><strong>Firefox:<\/strong>\u00a0Extras -&gt; Optionen -&gt; Datenschutz -&gt; Verlauf -&gt; Benutzerdefinierte Einstellungen. Weitere Informationen finden Sie im\u00a0<a href=\"http:\/\/support.mozilla.org\/es\/home\" target=\"_blank\" rel=\"noopener\">Mozilla-Unterst\u00fctzung<\/a>\u00a0oder die Browser-Hilfe.<\/p><p><strong>Chrom:<\/strong>\u00a0Einstellungen -&gt; Erweiterte Optionen anzeigen -&gt; Datenschutz -&gt; Inhaltseinstellungen. Weitere Informationen finden Sie im\u00a0<a href=\"http:\/\/support.google.com\/chrome\/?hl=es\" target=\"_blank\" rel=\"noopener\">Google-Unterst\u00fctzung<\/a>\u00a0oder die Browser-Hilfe.<\/p><p><strong>Safari:<\/strong>\u00a0Einstellungen -&gt; Sicherheit. Weitere Informationen finden Sie im\u00a0<a href=\"http:\/\/www.apple.com\/es\/support\/safari\/\" target=\"_blank\" rel=\"noopener\">Apple-Unterst\u00fctzung<\/a>\u00a0oder die Browser-Hilfe.<\/p><p><strong>Was passiert, wenn Cookies deaktiviert sind?<\/strong><\/p><p>Einige Funktionen der Dienste werden deaktiviert, z. B. die Identifizierung, das Beibehalten von Eink\u00e4ufen im \u201eWarenkorb\u201c usw.<\/p>\t\t\t\t\t\t\t\t<\/div>\n\t\t\t\t<\/div>\n\t\t\t\t\t<\/div>\n\t\t<\/div>\n\t\t\t\t\t<\/div>\n\t\t<\/section>\n\t\t\t\t<\/div>","protected":false},"excerpt":{"rendered":"<p>Cookie-Richtlinie DEFINITION DER COOKIES VERWENDETE COOKIES Pr\u00e4ferenz-Cookies Statistik-Cookies Marketing-Cookies So deaktivieren Sie Cookies in den wichtigsten Browsern DEFINITION DER COOKIES Cookies sind Kennungen, die wir \u00fcber Ihren Webbrowser an die Festplatte Ihres Computers senden, damit unsere Systeme sie erkennen k\u00f6nnen.<\/p>","protected":false},"author":2,"featured_media":0,"parent":0,"menu_order":0,"comment_status":"closed","ping_status":"closed","template":"elementor_header_footer","meta":{"inline_featured_image":false,"footnotes":""},"class_list":["post-11","page","type-page","status-publish","hentry"],"_links":{"self":[{"href":"https:\/\/hortifruit.com\/de\/wp-json\/wp\/v2\/pages\/11","targetHints":{"allow":["GET"]}}],"collection":[{"href":"https:\/\/hortifruit.com\/de\/wp-json\/wp\/v2\/pages"}],"about":[{"href":"https:\/\/hortifruit.com\/de\/wp-json\/wp\/v2\/types\/page"}],"author":[{"embeddable":true,"href":"https:\/\/hortifruit.com\/de\/wp-json\/wp\/v2\/users\/2"}],"replies":[{"embeddable":true,"href":"https:\/\/hortifruit.com\/de\/wp-json\/wp\/v2\/comments?post=11"}],"version-history":[{"count":8,"href":"https:\/\/hortifruit.com\/de\/wp-json\/wp\/v2\/pages\/11\/revisions"}],"predecessor-version":[{"id":55,"href":"https:\/\/hortifruit.com\/de\/wp-json\/wp\/v2\/pages\/11\/revisions\/55"}],"wp:attachment":[{"href":"https:\/\/hortifruit.com\/de\/wp-json\/wp\/v2\/media?parent=11"}],"curies":[{"name":"wp","href":"https:\/\/api.w.org\/{rel}","templated":true}]}}