{"id":1203,"date":"2025-11-12T12:10:55","date_gmt":"2025-11-12T11:10:55","guid":{"rendered":"https:\/\/hortifruit.com\/?page_id=1203"},"modified":"2025-11-12T12:57:16","modified_gmt":"2025-11-12T11:57:16","slug":"sorteo-participaygana","status":"publish","type":"page","link":"https:\/\/hortifruit.com\/de\/sorteo-participaygana\/","title":{"rendered":"Gewinnen Sie 1.000 \u20ac \u2013 Verlosung f\u00fcr Teilnehmer \u2022 Hortifruit 2025"},"content":{"rendered":"<div data-elementor-type=\"wp-page\" data-elementor-id=\"1203\" class=\"elementor elementor-1203\" data-elementor-post-type=\"page\">\n\t\t\t\t<div class=\"elementor-element elementor-element-3c69ee6 e-con-full e-flex e-con e-parent\" data-id=\"3c69ee6\" data-element_type=\"container\">\n\t\t<div class=\"elementor-element elementor-element-9caa931 e-con-full e-flex e-con e-child\" data-id=\"9caa931\" data-element_type=\"container\">\n\t\t\t\t<div class=\"elementor-element elementor-element-48c6e3d elementor-invisible elementor-widget elementor-widget-heading\" data-id=\"48c6e3d\" data-element_type=\"widget\" data-settings=\"{&quot;_animation&quot;:&quot;fadeInUp&quot;}\" data-widget_type=\"heading.default\">\n\t\t\t\t<div class=\"elementor-widget-container\">\n\t\t\t\t\t<h6 class=\"elementor-heading-title elementor-size-default\">Engagement \u2022 Innovation \u2022 Anstrengung<\/h6>\t\t\t\t<\/div>\n\t\t\t\t<\/div>\n\t\t<div class=\"elementor-element elementor-element-f41c77f e-con-full e-flex e-con e-child\" data-id=\"f41c77f\" data-element_type=\"container\">\n\t\t\t\t<div class=\"elementor-element elementor-element-8c96e4b elementor-widget__width-auto elementor-invisible elementor-widget elementor-widget-heading\" data-id=\"8c96e4b\" data-element_type=\"widget\" data-settings=\"{&quot;_animation&quot;:&quot;fadeInUp&quot;}\" data-widget_type=\"heading.default\">\n\t\t\t\t<div class=\"elementor-widget-container\">\n\t\t\t\t\t<span class=\"elementor-heading-title elementor-size-default\">\ud83c\udf89<\/span>\t\t\t\t<\/div>\n\t\t\t\t<\/div>\n\t\t\t\t<div class=\"elementor-element elementor-element-9369c6a elementor-widget__width-auto elementor-invisible elementor-widget elementor-widget-heading\" data-id=\"9369c6a\" data-element_type=\"widget\" data-settings=\"{&quot;_animation&quot;:&quot;fadeInUp&quot;}\" data-widget_type=\"heading.default\">\n\t\t\t\t<div class=\"elementor-widget-container\">\n\t\t\t\t\t<h1 class=\"elementor-heading-title elementor-size-default\">Sichern Sie sich 1.000 \u20ac f\u00fcr Ihre Teilnahme an der HortiFruit 2025!<\/h1>\t\t\t\t<\/div>\n\t\t\t\t<\/div>\n\t\t\t\t<\/div>\n\t\t\t\t<\/div>\n\t\t\t\t<\/div>\n\t\t<div class=\"elementor-element elementor-element-c9ffd0a e-con-full e-flex e-con e-parent\" data-id=\"c9ffd0a\" data-element_type=\"container\">\n\t\t<div class=\"elementor-element elementor-element-457334a e-con-full e-flex e-con e-child\" data-id=\"457334a\" data-element_type=\"container\">\n\t\t\t\t<div class=\"elementor-element elementor-element-17b09c0 elementor-widget elementor-widget-text-editor\" data-id=\"17b09c0\" data-element_type=\"widget\" data-widget_type=\"text-editor.default\">\n\t\t\t\t<div class=\"elementor-widget-container\">\n\t\t\t\t\t\t\t\t\t<p style=\"text-align: center;\">Teilnahmeformular<\/p>\t\t\t\t\t\t\t\t<\/div>\n\t\t\t\t<\/div>\n\t\t\t\t<div class=\"elementor-element elementor-element-594cc9d elementor-button-align-center elementor-widget-tablet__width-initial elementor-widget elementor-widget-form\" data-id=\"594cc9d\" data-element_type=\"widget\" data-settings=\"{&quot;step_next_label&quot;:&quot;Siguiente&quot;,&quot;step_previous_label&quot;:&quot;Anterior&quot;,&quot;button_width&quot;:&quot;100&quot;,&quot;step_type&quot;:&quot;number_text&quot;,&quot;step_icon_shape&quot;:&quot;circle&quot;}\" data-widget_type=\"form.default\">\n\t\t\t\t<div class=\"elementor-widget-container\">\n\t\t\t\t\t\t\t<form class=\"elementor-form\" method=\"post\" id=\"form_sorteo_1000e\" name=\"Sorteo1000\">\n\t\t\t<input type=\"hidden\" name=\"post_id\" value=\"1203\"\/>\n\t\t\t<input type=\"hidden\" name=\"form_id\" value=\"594cc9d\"\/>\n\t\t\t<input type=\"hidden\" name=\"referer_title\" value=\"Gana 1.000\u20ac - Sorteo para asistentes \u2022 Hortifruit 2025\" \/>\n\n\t\t\t\t\t\t\t<input type=\"hidden\" name=\"queried_id\" value=\"1203\"\/>\n\t\t\t\n\t\t\t<div class=\"elementor-form-fields-wrapper elementor-labels-above\">\n\t\t\t\t\t\t\t\t<div class=\"elementor-field-type-text elementor-field-group elementor-column elementor-field-group-name elementor-col-50 elementor-md-50 elementor-field-required elementor-mark-required\">\n\t\t\t\t\t\t\t\t\t\t\t\t<label for=\"form-field-name\" class=\"elementor-field-label\">\n\t\t\t\t\t\t\t\tName\t\t\t\t\t\t\t<\/label>\n\t\t\t\t\t\t\t\t\t\t\t\t\t\t<input size=\"1\" type=\"text\" name=\"form_fields[name]\" id=\"form-field-name\" class=\"elementor-field elementor-size-sm  elementor-field-textual\" placeholder=\"Name\" required=\"required\">\n\t\t\t\t\t\t\t\t\t\t\t<\/div>\n\t\t\t\t\t\t\t\t<div class=\"elementor-field-type-email elementor-field-group elementor-column elementor-field-group-email elementor-col-50 elementor-md-50 elementor-field-required elementor-mark-required\">\n\t\t\t\t\t\t\t\t\t\t\t\t<label for=\"form-field-email\" class=\"elementor-field-label\">\n\t\t\t\t\t\t\t\tE-Mail\t\t\t\t\t\t\t<\/label>\n\t\t\t\t\t\t\t\t\t\t\t\t\t\t<input size=\"1\" type=\"email\" name=\"form_fields[email]\" id=\"form-field-email\" class=\"elementor-field elementor-size-sm  elementor-field-textual\" placeholder=\"E-Mail\" required=\"required\">\n\t\t\t\t\t\t\t\t\t\t\t<\/div>\n\t\t\t\t\t\t\t\t<div class=\"elementor-field-type-tel elementor-field-group elementor-column elementor-field-group-field_fd8ff91 elementor-col-50 elementor-md-50 elementor-field-required elementor-mark-required\">\n\t\t\t\t\t\t\t\t\t\t\t\t<label for=\"form-field-field_fd8ff91\" class=\"elementor-field-label\">\n\t\t\t\t\t\t\t\tTelefon\t\t\t\t\t\t\t<\/label>\n\t\t\t\t\t\t\t\t<input size=\"1\" type=\"tel\" name=\"form_fields[field_fd8ff91]\" id=\"form-field-field_fd8ff91\" class=\"elementor-field elementor-size-sm  elementor-field-textual\" placeholder=\"Telefon\" required=\"required\" pattern=\"[0-9()#&amp;+*-=.]+\" title=\"Only numbers and phone characters (#, -, *, etc) are accepted.\" data-no-translation-title=\"\">\n\n\t\t\t\t\t\t<\/div>\n\t\t\t\t\t\t\t\t<div class=\"elementor-field-type-text elementor-field-group elementor-column elementor-field-group-field_430a550 elementor-col-50 elementor-md-100 elementor-field-required elementor-mark-required\">\n\t\t\t\t\t\t\t\t\t\t\t\t<label for=\"form-field-field_430a550\" class=\"elementor-field-label\">\n\t\t\t\t\t\t\t\tUnternehmen\t\t\t\t\t\t\t<\/label>\n\t\t\t\t\t\t\t\t\t\t\t\t\t\t<input size=\"1\" type=\"text\" name=\"form_fields[field_430a550]\" id=\"form-field-field_430a550\" class=\"elementor-field elementor-size-sm  elementor-field-textual\" placeholder=\"Unternehmen\" required=\"required\">\n\t\t\t\t\t\t\t\t\t\t\t<\/div>\n\t\t\t\t\t\t\t\t<div class=\"elementor-field-type-select elementor-field-group elementor-column elementor-field-group-profesion elementor-col-50 elementor-md-50 elementor-field-required elementor-mark-required\">\n\t\t\t\t\t\t\t\t\t\t\t\t<label for=\"form-field-profesion\" class=\"elementor-field-label\">\n\t\t\t\t\t\t\t\tBeruf\t\t\t\t\t\t\t<\/label>\n\t\t\t\t\t\t\t\t<div class=\"elementor-field elementor-select-wrapper remove-before\">\n\t\t\t<div class=\"select-caret-down-wrapper\">\n\t\t\t\t<i aria-hidden=\"true\" class=\"eicon-caret-down\"><\/i>\t\t\t<\/div>\n\t\t\t<select name=\"form_fields[profesion]\" id=\"form-field-profesion\" class=\"elementor-field-textual elementor-size-sm\" required=\"required\">\n\t\t\t\t\t\t\t\t\t<option value=\"Productor\">Produzent<\/option>\n\t\t\t\t\t\t\t\t\t<option value=\"Agricultor\">Bauer<\/option>\n\t\t\t\t\t\t\t\t\t<option value=\"T\u00e9cnico\">Technisch<\/option>\n\t\t\t\t\t\t\t\t\t<option value=\"Operario\">Operator<\/option>\n\t\t\t\t\t\t\t\t\t<option value=\"Estudiante\">Student<\/option>\n\t\t\t\t\t\t\t<\/select>\n\t\t<\/div>\n\t\t\t\t\t\t<\/div>\n\t\t\t\t\t\t\t\t<div class=\"elementor-field-type-select elementor-field-group elementor-column elementor-field-group-cultivo elementor-col-50 elementor-md-100 elementor-field-required elementor-mark-required\">\n\t\t\t\t\t\t\t\t\t\t\t\t<label for=\"form-field-cultivo\" class=\"elementor-field-label\">\n\t\t\t\t\t\t\t\tProvinz\t\t\t\t\t\t\t<\/label>\n\t\t\t\t\t\t\t\t<div class=\"elementor-field elementor-select-wrapper remove-before\">\n\t\t\t<div class=\"select-caret-down-wrapper\">\n\t\t\t\t<i aria-hidden=\"true\" class=\"eicon-caret-down\"><\/i>\t\t\t<\/div>\n\t\t\t<select name=\"form_fields[cultivo]\" id=\"form-field-cultivo\" class=\"elementor-field-textual elementor-size-sm\" required=\"required\">\n\t\t\t\t\t\t\t\t\t<option value=\"\u00c1lava\">\u00c1lava<\/option>\n\t\t\t\t\t\t\t\t\t<option value=\"Albacete\">Albacete<\/option>\n\t\t\t\t\t\t\t\t\t<option value=\"Alicante\">Alicante<\/option>\n\t\t\t\t\t\t\t\t\t<option value=\"Almer\u00eda\">Almer\u00eda<\/option>\n\t\t\t\t\t\t\t\t\t<option value=\"Asturias\">Asturien<\/option>\n\t\t\t\t\t\t\t\t\t<option value=\"\u00c1vila\">\u00c1vila<\/option>\n\t\t\t\t\t\t\t\t\t<option value=\"Badajoz\">Badajoz<\/option>\n\t\t\t\t\t\t\t\t\t<option value=\"Barcelona\">Barcelona<\/option>\n\t\t\t\t\t\t\t\t\t<option value=\"Burgos\">Burgos<\/option>\n\t\t\t\t\t\t\t\t\t<option value=\"C\u00e1ceres\">C\u00e1ceres<\/option>\n\t\t\t\t\t\t\t\t\t<option value=\"C\u00e1diz\">C\u00e1diz<\/option>\n\t\t\t\t\t\t\t\t\t<option value=\"Cantabria\">Kantabrien<\/option>\n\t\t\t\t\t\t\t\t\t<option value=\"Castell\u00f3n\">Castell\u00f3n<\/option>\n\t\t\t\t\t\t\t\t\t<option value=\"Ceuta\">Ceuta<\/option>\n\t\t\t\t\t\t\t\t\t<option value=\"Ciudad Real\">Ciudad Real<\/option>\n\t\t\t\t\t\t\t\t\t<option value=\"C\u00f3rdoba\">Cordova<\/option>\n\t\t\t\t\t\t\t\t\t<option value=\"Cuenca\">Becken<\/option>\n\t\t\t\t\t\t\t\t\t<option value=\"Girona\">Girona<\/option>\n\t\t\t\t\t\t\t\t\t<option value=\"Granada\">Granate<\/option>\n\t\t\t\t\t\t\t\t\t<option value=\"Guadalajara\">Guadalajara<\/option>\n\t\t\t\t\t\t\t\t\t<option value=\"Guip\u00fazcoa\">Guip\u00fazcoa<\/option>\n\t\t\t\t\t\t\t\t\t<option value=\"Huelva\">Huelva<\/option>\n\t\t\t\t\t\t\t\t\t<option value=\"Huesca\">Huesca<\/option>\n\t\t\t\t\t\t\t\t\t<option value=\"Illes Balears\">Balearen<\/option>\n\t\t\t\t\t\t\t\t\t<option value=\"Ja\u00e9n\">Ja\u00e9n<\/option>\n\t\t\t\t\t\t\t\t\t<option value=\"La Coru\u00f1a\">A Coru\u00f1a<\/option>\n\t\t\t\t\t\t\t\t\t<option value=\"La Rioja\">Rioja<\/option>\n\t\t\t\t\t\t\t\t\t<option value=\"Las Palmas\">Las Palmas<\/option>\n\t\t\t\t\t\t\t\t\t<option value=\"Le\u00f3n\">L\u00f6we<\/option>\n\t\t\t\t\t\t\t\t\t<option value=\"Lleida\">Lleida<\/option>\n\t\t\t\t\t\t\t\t\t<option value=\"Lugo\">Lugo<\/option>\n\t\t\t\t\t\t\t\t\t<option value=\"Madrid\">Madrid<\/option>\n\t\t\t\t\t\t\t\t\t<option value=\"M\u00e1laga\">Malaga<\/option>\n\t\t\t\t\t\t\t\t\t<option value=\"Melilla\">Melilla<\/option>\n\t\t\t\t\t\t\t\t\t<option value=\"Murcia\">Murcia<\/option>\n\t\t\t\t\t\t\t\t\t<option value=\"Navarra\">Navarra<\/option>\n\t\t\t\t\t\t\t\t\t<option value=\"Ourense\">Ourense<\/option>\n\t\t\t\t\t\t\t\t\t<option value=\"Palencia\">Palencia<\/option>\n\t\t\t\t\t\t\t\t\t<option value=\"Pontevedra\">Pontevedra<\/option>\n\t\t\t\t\t\t\t\t\t<option value=\"Salamanca\">Salamanca<\/option>\n\t\t\t\t\t\t\t\t\t<option value=\"Santa Cruz de Tenerife\">Santa Cruz de Tenerife<\/option>\n\t\t\t\t\t\t\t\t\t<option value=\"Segovia\">Segovia<\/option>\n\t\t\t\t\t\t\t\t\t<option value=\"Sevilla\">Sevilla<\/option>\n\t\t\t\t\t\t\t\t\t<option value=\"Soria\">Soria<\/option>\n\t\t\t\t\t\t\t\t\t<option value=\"Tarragona\">Tarragona<\/option>\n\t\t\t\t\t\t\t\t\t<option value=\"Teruel\">Teruel<\/option>\n\t\t\t\t\t\t\t\t\t<option value=\"Toledo\">Toledo<\/option>\n\t\t\t\t\t\t\t\t\t<option value=\"Valencia\">Valencia<\/option>\n\t\t\t\t\t\t\t\t\t<option value=\"Valladolid\">Valladolid<\/option>\n\t\t\t\t\t\t\t\t\t<option value=\"Vizcaya\">Biskaya<\/option>\n\t\t\t\t\t\t\t\t\t<option value=\"Zamora\">Zamora<\/option>\n\t\t\t\t\t\t\t\t\t<option value=\"Zaragoza\">Saragossa<\/option>\n\t\t\t\t\t\t\t<\/select>\n\t\t<\/div>\n\t\t\t\t\t\t<\/div>\n\t\t\t\t\t\t\t\t<div class=\"elementor-field-type-recaptcha_v3 elementor-field-group elementor-column elementor-field-group-field_3cc1bc8 elementor-col-100 recaptcha_v3-bottomright\">\n\t\t\t\t\t<div class=\"elementor-field\" id=\"form-field-field_3cc1bc8\"><div class=\"elementor-g-recaptcha\" data-sitekey=\"6LeJqZcqAAAAACR8xZIiY8ODJM_NrFlHfHp6itGW\" data-type=\"v3\" data-action=\"Form\" data-badge=\"bottomright\" data-size=\"invisible\"><\/div><\/div>\t\t\t\t<\/div>\n\t\t\t\t\t\t\t\t<div class=\"elementor-field-group elementor-column elementor-field-type-submit elementor-col-100 e-form__buttons\">\n\t\t\t\t\t<button class=\"elementor-button elementor-size-md\" type=\"submit\">\n\t\t\t\t\t\t<span class=\"elementor-button-content-wrapper\">\n\t\t\t\t\t\t\t\t\t\t\t\t\t\t\t\t\t\t\t\t\t\t<span class=\"elementor-button-text\">Teilnehmen<\/span>\n\t\t\t\t\t\t\t\t\t\t\t\t\t<\/span>\n\t\t\t\t\t<\/button>\n\t\t\t\t<\/div>\n\t\t\t<\/div>\n\t\t<input type=\"hidden\" name=\"trp-form-language\" value=\"de\"\/><\/form>\n\t\t\t\t\t\t<\/div>\n\t\t\t\t<\/div>\n\t\t\t\t<\/div>\n\t\t\t\t<\/div>\n\t\t<div class=\"elementor-element elementor-element-e1cfd7d e-con-full e-flex e-con e-parent\" data-id=\"e1cfd7d\" data-element_type=\"container\">\n\t\t<div class=\"elementor-element elementor-element-930d36e e-con-full e-flex e-con e-child\" data-id=\"930d36e\" data-element_type=\"container\">\n\t\t<div class=\"elementor-element elementor-element-58a18db e-con-full e-flex elementor-invisible e-con e-child\" data-id=\"58a18db\" data-element_type=\"container\" data-settings=\"{&quot;background_background&quot;:&quot;classic&quot;,&quot;animation&quot;:&quot;fadeInUp&quot;}\">\n\t\t\t\t<div class=\"elementor-element elementor-element-f2be8e7 elementor-widget elementor-widget-heading\" data-id=\"f2be8e7\" data-element_type=\"widget\" data-widget_type=\"heading.default\">\n\t\t\t\t<div class=\"elementor-widget-container\">\n\t\t\t\t\t<h2 class=\"elementor-heading-title elementor-size-default\">01<\/h2>\t\t\t\t<\/div>\n\t\t\t\t<\/div>\n\t\t\t\t<div class=\"elementor-element elementor-element-32e2313 elementor-widget elementor-widget-heading\" data-id=\"32e2313\" data-element_type=\"widget\" data-widget_type=\"heading.default\">\n\t\t\t\t<div class=\"elementor-widget-container\">\n\t\t\t\t\t<h3 class=\"elementor-heading-title elementor-size-default\">\ud83c\udfc6Woraus besteht der Preis?<\/h3>\t\t\t\t<\/div>\n\t\t\t\t<\/div>\n\t\t\t\t<div class=\"elementor-element elementor-element-d6c2b62 elementor-widget elementor-widget-text-editor\" data-id=\"d6c2b62\" data-element_type=\"widget\" data-widget_type=\"text-editor.default\">\n\t\t\t\t<div class=\"elementor-widget-container\">\n\t\t\t\t\t\t\t\t\t<p><strong>Weil die Landwirtschaft dank Menschen wie Ihnen Fortschritte macht<\/strong>Auf der HortiFruit 2025 verlosen wir einen Preis von <strong>1.000 \u20ac werden unter den angemeldeten Teilnehmern aufgeteilt.<\/strong>.<\/p><p>Wir m\u00f6chten das Engagement, die Innovationskraft und den t\u00e4glichen Einsatz derjenigen w\u00fcrdigen, die die Zukunft der Landwirtschaft gestalten. Und wie ginge das besser als mit einem tollen Preis? \ud83d\udcb6\ud83d\ude09<\/p>\t\t\t\t\t\t\t\t<\/div>\n\t\t\t\t<\/div>\n\t\t\t\t<\/div>\n\t\t<div class=\"elementor-element elementor-element-7a6f233 e-con-full e-flex elementor-invisible e-con e-child\" data-id=\"7a6f233\" data-element_type=\"container\" data-settings=\"{&quot;background_background&quot;:&quot;classic&quot;,&quot;animation&quot;:&quot;fadeInUp&quot;}\">\n\t\t\t\t<div class=\"elementor-element elementor-element-ac78ce0 elementor-widget elementor-widget-heading\" data-id=\"ac78ce0\" data-element_type=\"widget\" data-widget_type=\"heading.default\">\n\t\t\t\t<div class=\"elementor-widget-container\">\n\t\t\t\t\t<h2 class=\"elementor-heading-title elementor-size-default\">02<\/h2>\t\t\t\t<\/div>\n\t\t\t\t<\/div>\n\t\t\t\t<div class=\"elementor-element elementor-element-2b1843f elementor-widget elementor-widget-heading\" data-id=\"2b1843f\" data-element_type=\"widget\" data-widget_type=\"heading.default\">\n\t\t\t\t<div class=\"elementor-widget-container\">\n\t\t\t\t\t<h3 class=\"elementor-heading-title elementor-size-default\">\ud83d\udc69\u200d\ud83c\udf3e Wer kann teilnehmen?<\/h3>\t\t\t\t<\/div>\n\t\t\t\t<\/div>\n\t\t\t\t<div class=\"elementor-element elementor-element-e51d5ec elementor-widget elementor-widget-text-editor\" data-id=\"e51d5ec\" data-element_type=\"widget\" data-widget_type=\"text-editor.default\">\n\t\t\t\t<div class=\"elementor-widget-container\">\n\t\t\t\t\t\t\t\t\t<ol><li>Besuchen Sie HortiFruit von <strong>20. bis 22. November<\/strong> darin <strong>Palast der Messen und Ausstellungen der Region Murcia<\/strong>.<br \/><br \/><\/li><li>Scannen Sie einen der <strong>QR<\/strong> die Sie \u00fcber das gesamte Gel\u00e4nde verstreut finden werden.<br \/><br \/><\/li><li><strong>F\u00fcllen Sie das Formular mit Ihren Informationen aus.<\/strong>.<\/li><\/ol>\t\t\t\t\t\t\t\t<\/div>\n\t\t\t\t<\/div>\n\t\t\t\t<\/div>\n\t\t<div class=\"elementor-element elementor-element-321605f e-con-full e-flex elementor-invisible e-con e-child\" data-id=\"321605f\" data-element_type=\"container\" data-settings=\"{&quot;background_background&quot;:&quot;classic&quot;,&quot;animation&quot;:&quot;fadeInUp&quot;}\">\n\t\t\t\t<div class=\"elementor-element elementor-element-d602320 elementor-widget elementor-widget-heading\" data-id=\"d602320\" data-element_type=\"widget\" data-widget_type=\"heading.default\">\n\t\t\t\t<div class=\"elementor-widget-container\">\n\t\t\t\t\t<h2 class=\"elementor-heading-title elementor-size-default\">03<\/h2>\t\t\t\t<\/div>\n\t\t\t\t<\/div>\n\t\t\t\t<div class=\"elementor-element elementor-element-31598fa elementor-widget elementor-widget-heading\" data-id=\"31598fa\" data-element_type=\"widget\" data-widget_type=\"heading.default\">\n\t\t\t\t<div class=\"elementor-widget-container\">\n\t\t\t\t\t<h3 class=\"elementor-heading-title elementor-size-default\">\ud83c\udfc6 Wie wird der Gewinner ausgew\u00e4hlt?<\/h3>\t\t\t\t<\/div>\n\t\t\t\t<\/div>\n\t\t\t\t<div class=\"elementor-element elementor-element-521f756 elementor-widget elementor-widget-text-editor\" data-id=\"521f756\" data-element_type=\"widget\" data-widget_type=\"text-editor.default\">\n\t\t\t\t<div class=\"elementor-widget-container\">\n\t\t\t\t\t\t\t\t\t<p>Die Ziehung findet am Samstag, den 22., statt. Der Gewinner muss w\u00e4hrend des Bauerntags auf der Hortifruit 2025 Messe anwesend sein.<\/p>\t\t\t\t\t\t\t\t<\/div>\n\t\t\t\t<\/div>\n\t\t\t\t<\/div>\n\t\t\t\t<\/div>\n\t\t\t\t<\/div>\n\t\t\t\t<\/div>","protected":false},"excerpt":{"rendered":"<p>Engagement \u2022 Innovation \u2022 Einsatz \ud83c\udf89 Gewinnen Sie 1.000 \u20ac f\u00fcr Ihre Teilnahme an der HortiFruit 2025! Teilnahmeformular 01 \ud83c\udfc6 Was gibt es zu gewinnen? Weil die Landwirtschaft dank Menschen wie Ihnen Fortschritte macht, verlosen wir auf der HortiFruit 2025 unter allen registrierten Teilnehmern einen Preis im Wert von 1.000 \u20ac. Wir m\u00f6chten das Engagement, die Innovationskraft und den t\u00e4glichen Einsatz derjenigen w\u00fcrdigen, die [\u2026]<\/p>","protected":false},"author":2,"featured_media":1105,"parent":0,"menu_order":0,"comment_status":"closed","ping_status":"closed","template":"elementor_header_footer","meta":{"inline_featured_image":false,"footnotes":""},"class_list":["post-1203","page","type-page","status-publish","has-post-thumbnail","hentry"],"_links":{"self":[{"href":"https:\/\/hortifruit.com\/de\/wp-json\/wp\/v2\/pages\/1203","targetHints":{"allow":["GET"]}}],"collection":[{"href":"https:\/\/hortifruit.com\/de\/wp-json\/wp\/v2\/pages"}],"about":[{"href":"https:\/\/hortifruit.com\/de\/wp-json\/wp\/v2\/types\/page"}],"author":[{"embeddable":true,"href":"https:\/\/hortifruit.com\/de\/wp-json\/wp\/v2\/users\/2"}],"replies":[{"embeddable":true,"href":"https:\/\/hortifruit.com\/de\/wp-json\/wp\/v2\/comments?post=1203"}],"version-history":[{"count":10,"href":"https:\/\/hortifruit.com\/de\/wp-json\/wp\/v2\/pages\/1203\/revisions"}],"predecessor-version":[{"id":1214,"href":"https:\/\/hortifruit.com\/de\/wp-json\/wp\/v2\/pages\/1203\/revisions\/1214"}],"wp:featuredmedia":[{"embeddable":true,"href":"https:\/\/hortifruit.com\/de\/wp-json\/wp\/v2\/media\/1105"}],"wp:attachment":[{"href":"https:\/\/hortifruit.com\/de\/wp-json\/wp\/v2\/media?parent=1203"}],"curies":[{"name":"wp","href":"https:\/\/api.w.org\/{rel}","templated":true}]}}