{"id":27,"date":"2022-06-30T10:00:13","date_gmt":"2022-06-30T10:00:13","guid":{"rendered":"https:\/\/hortifruit.com\/?page_id=27"},"modified":"2025-01-08T13:50:24","modified_gmt":"2025-01-08T12:50:24","slug":"politica-de-privacidad","status":"publish","type":"page","link":"https:\/\/hortifruit.com\/de\/politica-de-privacidad\/","title":{"rendered":"Datenschutzrichtlinie"},"content":{"rendered":"<div data-elementor-type=\"wp-page\" data-elementor-id=\"27\" class=\"elementor elementor-27\" data-elementor-post-type=\"page\">\n\t\t\t\t\t\t<section class=\"elementor-section elementor-top-section elementor-element elementor-element-bdb451f elementor-section-boxed elementor-section-height-default elementor-section-height-default\" data-id=\"bdb451f\" data-element_type=\"section\" data-settings=\"{&quot;background_background&quot;:&quot;classic&quot;}\">\n\t\t\t\t\t\t<div class=\"elementor-container elementor-column-gap-default\">\n\t\t\t\t\t<div class=\"elementor-column elementor-col-100 elementor-top-column elementor-element elementor-element-1430892c\" data-id=\"1430892c\" data-element_type=\"column\">\n\t\t\t<div class=\"elementor-widget-wrap elementor-element-populated\">\n\t\t\t\t\t\t<div class=\"elementor-element elementor-element-5a014a27 elementor-widget elementor-widget-spacer\" data-id=\"5a014a27\" data-element_type=\"widget\" data-widget_type=\"spacer.default\">\n\t\t\t\t<div class=\"elementor-widget-container\">\n\t\t\t\t\t\t\t<div class=\"elementor-spacer\">\n\t\t\t<div class=\"elementor-spacer-inner\"><\/div>\n\t\t<\/div>\n\t\t\t\t\t\t<\/div>\n\t\t\t\t<\/div>\n\t\t\t\t\t<\/div>\n\t\t<\/div>\n\t\t\t\t\t<\/div>\n\t\t<\/section>\n\t\t\t\t<section class=\"elementor-section elementor-top-section elementor-element elementor-element-37fc38ac elementor-section-boxed elementor-section-height-default elementor-section-height-default\" data-id=\"37fc38ac\" data-element_type=\"section\">\n\t\t\t\t\t\t<div class=\"elementor-container elementor-column-gap-default\">\n\t\t\t\t\t<div class=\"elementor-column elementor-col-100 elementor-top-column elementor-element elementor-element-624dd857\" data-id=\"624dd857\" data-element_type=\"column\">\n\t\t\t<div class=\"elementor-widget-wrap elementor-element-populated\">\n\t\t\t\t\t\t<div class=\"elementor-element elementor-element-3da97976 elementor-widget elementor-widget-heading\" data-id=\"3da97976\" data-element_type=\"widget\" data-widget_type=\"heading.default\">\n\t\t\t\t<div class=\"elementor-widget-container\">\n\t\t\t\t\t<h2 class=\"elementor-heading-title elementor-size-default\">Datenschutzrichtlinie<\/h2>\t\t\t\t<\/div>\n\t\t\t\t<\/div>\n\t\t\t\t<div class=\"elementor-element elementor-element-4c36437e elementor-widget-divider--view-line_icon elementor-widget-divider--element-align-left elementor-view-default elementor-widget elementor-widget-divider\" data-id=\"4c36437e\" data-element_type=\"widget\" data-widget_type=\"divider.default\">\n\t\t\t\t<div class=\"elementor-widget-container\">\n\t\t\t\t\t\t\t<div class=\"elementor-divider\">\n\t\t\t<span class=\"elementor-divider-separator\">\n\t\t\t\t\t\t\t<div class=\"elementor-icon elementor-divider__element\">\n\t\t\t\t\t<i aria-hidden=\"true\" class=\"fas fa-scroll\"><\/i><\/div>\n\t\t\t\t\t\t<\/span>\n\t\t<\/div>\n\t\t\t\t\t\t<\/div>\n\t\t\t\t<\/div>\n\t\t\t\t<section class=\"elementor-section elementor-inner-section elementor-element elementor-element-4702e3bc elementor-section-boxed elementor-section-height-default elementor-section-height-default\" data-id=\"4702e3bc\" data-element_type=\"section\">\n\t\t\t\t\t\t<div class=\"elementor-container elementor-column-gap-default\">\n\t\t\t\t\t<div class=\"elementor-column elementor-col-50 elementor-inner-column elementor-element elementor-element-27659d4e\" data-id=\"27659d4e\" data-element_type=\"column\">\n\t\t\t<div class=\"elementor-widget-wrap elementor-element-populated\">\n\t\t\t\t\t\t<div class=\"elementor-element elementor-element-2427c7f0 elementor-icon-list--layout-traditional elementor-list-item-link-full_width elementor-widget elementor-widget-icon-list\" data-id=\"2427c7f0\" data-element_type=\"widget\" data-widget_type=\"icon-list.default\">\n\t\t\t\t<div class=\"elementor-widget-container\">\n\t\t\t\t\t\t\t<ul class=\"elementor-icon-list-items\">\n\t\t\t\t\t\t\t<li class=\"elementor-icon-list-item\">\n\t\t\t\t\t\t\t\t\t\t\t<a href=\"#1\">\n\n\t\t\t\t\t\t\t\t\t\t\t\t<span class=\"elementor-icon-list-icon\">\n\t\t\t\t\t\t\t<i aria-hidden=\"true\" class=\"fas fa-arrow-circle-right\"><\/i>\t\t\t\t\t\t<\/span>\n\t\t\t\t\t\t\t\t\t\t<span class=\"elementor-icon-list-text\">Wer ist f\u00fcr die Verarbeitung Ihrer Daten verantwortlich?<\/span>\n\t\t\t\t\t\t\t\t\t\t\t<\/a>\n\t\t\t\t\t\t\t\t\t<\/li>\n\t\t\t\t\t\t\t\t<li class=\"elementor-icon-list-item\">\n\t\t\t\t\t\t\t\t\t\t\t<a href=\"#2\">\n\n\t\t\t\t\t\t\t\t\t\t\t\t<span class=\"elementor-icon-list-icon\">\n\t\t\t\t\t\t\t<i aria-hidden=\"true\" class=\"fas fa-arrow-circle-right\"><\/i>\t\t\t\t\t\t<\/span>\n\t\t\t\t\t\t\t\t\t\t<span class=\"elementor-icon-list-text\">Welche Art von Daten verarbeiten wir?<\/span>\n\t\t\t\t\t\t\t\t\t\t\t<\/a>\n\t\t\t\t\t\t\t\t\t<\/li>\n\t\t\t\t\t\t\t\t<li class=\"elementor-icon-list-item\">\n\t\t\t\t\t\t\t\t\t\t\t<a href=\"#3\">\n\n\t\t\t\t\t\t\t\t\t\t\t\t<span class=\"elementor-icon-list-icon\">\n\t\t\t\t\t\t\t<i aria-hidden=\"true\" class=\"fas fa-arrow-circle-right\"><\/i>\t\t\t\t\t\t<\/span>\n\t\t\t\t\t\t\t\t\t\t<span class=\"elementor-icon-list-text\">Zu welchem Zweck verarbeiten wir Ihre personenbezogenen Daten?<\/span>\n\t\t\t\t\t\t\t\t\t\t\t<\/a>\n\t\t\t\t\t\t\t\t\t<\/li>\n\t\t\t\t\t\t\t\t<li class=\"elementor-icon-list-item\">\n\t\t\t\t\t\t\t\t\t\t\t<a href=\"#4\">\n\n\t\t\t\t\t\t\t\t\t\t\t\t<span class=\"elementor-icon-list-icon\">\n\t\t\t\t\t\t\t<i aria-hidden=\"true\" class=\"fas fa-arrow-circle-right\"><\/i>\t\t\t\t\t\t<\/span>\n\t\t\t\t\t\t\t\t\t\t<span class=\"elementor-icon-list-text\">Was ist die Legitimit\u00e4t f\u00fcr die Verarbeitung Ihrer Daten?<\/span>\n\t\t\t\t\t\t\t\t\t\t\t<\/a>\n\t\t\t\t\t\t\t\t\t<\/li>\n\t\t\t\t\t\t\t\t<li class=\"elementor-icon-list-item\">\n\t\t\t\t\t\t\t\t\t\t\t<a href=\"#5\">\n\n\t\t\t\t\t\t\t\t\t\t\t\t<span class=\"elementor-icon-list-icon\">\n\t\t\t\t\t\t\t<i aria-hidden=\"true\" class=\"fas fa-arrow-circle-right\"><\/i>\t\t\t\t\t\t<\/span>\n\t\t\t\t\t\t\t\t\t\t<span class=\"elementor-icon-list-text\">Wie lange werden wir Ihre Daten aufbewahren?<\/span>\n\t\t\t\t\t\t\t\t\t\t\t<\/a>\n\t\t\t\t\t\t\t\t\t<\/li>\n\t\t\t\t\t\t\t\t<li class=\"elementor-icon-list-item\">\n\t\t\t\t\t\t\t\t\t\t\t<a href=\"#6\">\n\n\t\t\t\t\t\t\t\t\t\t\t\t<span class=\"elementor-icon-list-icon\">\n\t\t\t\t\t\t\t<i aria-hidden=\"true\" class=\"fas fa-arrow-circle-right\"><\/i>\t\t\t\t\t\t<\/span>\n\t\t\t\t\t\t\t\t\t\t<span class=\"elementor-icon-list-text\">Werden wir Ihre Daten an Dritte weitergeben?<\/span>\n\t\t\t\t\t\t\t\t\t\t\t<\/a>\n\t\t\t\t\t\t\t\t\t<\/li>\n\t\t\t\t\t\t\t\t<li class=\"elementor-icon-list-item\">\n\t\t\t\t\t\t\t\t\t\t\t<a href=\"#7\">\n\n\t\t\t\t\t\t\t\t\t\t\t\t<span class=\"elementor-icon-list-icon\">\n\t\t\t\t\t\t\t<i aria-hidden=\"true\" class=\"fas fa-arrow-circle-right\"><\/i>\t\t\t\t\t\t<\/span>\n\t\t\t\t\t\t\t\t\t\t<span class=\"elementor-icon-list-text\">Welche Rechte haben Sie, wenn Sie uns Ihre Daten zur Verf\u00fcgung stellen?<\/span>\n\t\t\t\t\t\t\t\t\t\t\t<\/a>\n\t\t\t\t\t\t\t\t\t<\/li>\n\t\t\t\t\t\t\t\t<li class=\"elementor-icon-list-item\">\n\t\t\t\t\t\t\t\t\t\t\t<a href=\"#8\">\n\n\t\t\t\t\t\t\t\t\t\t\t\t<span class=\"elementor-icon-list-icon\">\n\t\t\t\t\t\t\t<i aria-hidden=\"true\" class=\"fas fa-arrow-circle-right\"><\/i>\t\t\t\t\t\t<\/span>\n\t\t\t\t\t\t\t\t\t\t<span class=\"elementor-icon-list-text\">\u00c4nderungen der Datenschutzrichtlinie<\/span>\n\t\t\t\t\t\t\t\t\t\t\t<\/a>\n\t\t\t\t\t\t\t\t\t<\/li>\n\t\t\t\t\t\t\t\t<li class=\"elementor-icon-list-item\">\n\t\t\t\t\t\t\t\t\t\t\t<a href=\"#9\">\n\n\t\t\t\t\t\t\t\t\t\t\t\t<span class=\"elementor-icon-list-icon\">\n\t\t\t\t\t\t\t<i aria-hidden=\"true\" class=\"fas fa-arrow-circle-right\"><\/i>\t\t\t\t\t\t<\/span>\n\t\t\t\t\t\t\t\t\t\t<span class=\"elementor-icon-list-text\">Informationen zu Cookies<\/span>\n\t\t\t\t\t\t\t\t\t\t\t<\/a>\n\t\t\t\t\t\t\t\t\t<\/li>\n\t\t\t\t\t\t<\/ul>\n\t\t\t\t\t\t<\/div>\n\t\t\t\t<\/div>\n\t\t\t\t\t<\/div>\n\t\t<\/div>\n\t\t\t\t<div class=\"elementor-column elementor-col-50 elementor-inner-column elementor-element elementor-element-25320b90\" data-id=\"25320b90\" data-element_type=\"column\">\n\t\t\t<div class=\"elementor-widget-wrap\">\n\t\t\t\t\t\t\t<\/div>\n\t\t<\/div>\n\t\t\t\t\t<\/div>\n\t\t<\/section>\n\t\t\t\t<div class=\"elementor-element elementor-element-19ce277c elementor-widget elementor-widget-spacer\" data-id=\"19ce277c\" data-element_type=\"widget\" data-widget_type=\"spacer.default\">\n\t\t\t\t<div class=\"elementor-widget-container\">\n\t\t\t\t\t\t\t<div class=\"elementor-spacer\">\n\t\t\t<div class=\"elementor-spacer-inner\"><\/div>\n\t\t<\/div>\n\t\t\t\t\t\t<\/div>\n\t\t\t\t<\/div>\n\t\t\t\t<div class=\"elementor-element elementor-element-b61ddd elementor-widget elementor-widget-menu-anchor\" data-id=\"b61ddd\" data-element_type=\"widget\" data-widget_type=\"menu-anchor.default\">\n\t\t\t\t<div class=\"elementor-widget-container\">\n\t\t\t\t\t\t\t<div class=\"elementor-menu-anchor\" id=\"1\"><\/div>\n\t\t\t\t\t\t<\/div>\n\t\t\t\t<\/div>\n\t\t\t\t<div class=\"elementor-element elementor-element-51650c93 elementor-widget elementor-widget-text-editor\" data-id=\"51650c93\" data-element_type=\"widget\" data-widget_type=\"text-editor.default\">\n\t\t\t\t<div class=\"elementor-widget-container\">\n\t\t\t\t\t\t\t\t\t<h4><strong>WER IST F\u00dcR DIE VERARBEITUNG IHRER DATEN VERANTWORTLICH?<\/strong><\/h4>\n<ul>\n<li><strong>VERANTWORTLICH F\u00dcR DIE BEHANDLUNG<\/strong>: VILLA DE TORRE PACHECO MESSEINSTITUTION<\/li>\n<li><strong>CIF:&nbsp;<\/strong>G30111702<\/li>\n<li><strong>Postanschrift:&nbsp;<\/strong>AVDA. GERARDO MOLINA, 117. 30700 TORRE PACHECO (MURCIA)<\/li>\n<li><strong>E-Mail:&nbsp;<\/strong>ifepa@ifepa.es<\/li>\n<\/ul>\t\t\t\t\t\t\t\t<\/div>\n\t\t\t\t<\/div>\n\t\t\t\t<div class=\"elementor-element elementor-element-67d8b20c elementor-widget elementor-widget-menu-anchor\" data-id=\"67d8b20c\" data-element_type=\"widget\" data-widget_type=\"menu-anchor.default\">\n\t\t\t\t<div class=\"elementor-widget-container\">\n\t\t\t\t\t\t\t<div class=\"elementor-menu-anchor\" id=\"2\"><\/div>\n\t\t\t\t\t\t<\/div>\n\t\t\t\t<\/div>\n\t\t\t\t<div class=\"elementor-element elementor-element-165128ff elementor-widget elementor-widget-text-editor\" data-id=\"165128ff\" data-element_type=\"widget\" data-widget_type=\"text-editor.default\">\n\t\t\t\t<div class=\"elementor-widget-container\">\n\t\t\t\t\t\t\t\t\t<h4><strong>WELCHE ART VON DATEN VERARBEITEN WIR?<\/strong><\/h4><p>Abh\u00e4ngig von den Produkten, Dienstleistungen oder Funktionalit\u00e4ten, die Sie zu einem bestimmten Zeitpunkt nutzen m\u00f6chten, m\u00fcssen wir die eine oder andere Datenverarbeitung durchf\u00fchren. Im Allgemeinen handelt es sich dabei je nach Einzelfall um folgende Daten:<\/p><ul><li>Ihre identifizierenden Daten (z. B. Ihr Vorname, Nachname, Sprache, Land, von dem aus Sie mit uns interagieren, Kontaktinformationen usw.)<\/li><li>Verbindungs-, Geolokalisierungs- und Navigationsdaten (falls Sie beispielsweise \u00fcber Ihr Mobiltelefon mit uns interagieren).<\/li><li>Kommerzielle Informationen, wenn Sie unseren Newsletter abonniert haben.<\/li><li>Daten \u00fcber Ihren Geschmack und Ihre Vorlieben.<\/li><\/ul><p>Denken Sie daran, dass wir, wenn wir Sie bitten, Ihre pers\u00f6nlichen Daten einzugeben, um Ihnen Zugriff auf bestimmte Funktionen oder Dienste auf der Website zu erm\u00f6glichen, einige Felder als Pflichtfelder markieren, da es sich um Daten handelt, die wir ben\u00f6tigen, um Ihnen den Dienst bereitstellen zu k\u00f6nnen oder Ihnen Zugriff auf die betreffende Funktionalit\u00e4t gew\u00e4hren.<\/p><p>Bitte beachten Sie, dass Sie Ihre Registrierung als Benutzer m\u00f6glicherweise nicht abschlie\u00dfen oder diese Dienste oder Funktionen nicht nutzen k\u00f6nnen, wenn Sie uns diese Daten nicht zur Verf\u00fcgung stellen.<\/p>\t\t\t\t\t\t\t\t<\/div>\n\t\t\t\t<\/div>\n\t\t\t\t<div class=\"elementor-element elementor-element-607cbfe2 elementor-widget elementor-widget-menu-anchor\" data-id=\"607cbfe2\" data-element_type=\"widget\" data-widget_type=\"menu-anchor.default\">\n\t\t\t\t<div class=\"elementor-widget-container\">\n\t\t\t\t\t\t\t<div class=\"elementor-menu-anchor\" id=\"3\"><\/div>\n\t\t\t\t\t\t<\/div>\n\t\t\t\t<\/div>\n\t\t\t\t<div class=\"elementor-element elementor-element-9b03921 elementor-widget elementor-widget-text-editor\" data-id=\"9b03921\" data-element_type=\"widget\" data-widget_type=\"text-editor.default\">\n\t\t\t\t<div class=\"elementor-widget-container\">\n\t\t\t\t\t\t\t\t\t<h4><strong>ZU WELCHEM ZWECK VERARBEITEN WIR IHRE PERSONENBEZOGENEN DATEN?<\/strong><\/h4><p>Abh\u00e4ngig davon, wie Sie mit unserer Website interagieren, verarbeiten wir Ihre personenbezogenen Daten f\u00fcr die folgenden Zwecke:<\/p><ul><li><strong>Um auf die Anfragen oder Anfragen zu reagieren, die Sie \u00fcber die verschiedenen auf unserer Website integrierten Kan\u00e4le stellen. <\/strong><\/li><\/ul><p>Wir verarbeiten nur personenbezogene Daten, die zur Verwaltung oder L\u00f6sung Ihres Anliegens oder Anliegens unbedingt erforderlich sind.<\/p><ul><li><strong>Benutzerfreundlichkeits- und Qualit\u00e4tsanalyse zur Verbesserung unserer Dienste (Cookies)<\/strong><\/li><\/ul><p>Wenn Sie auf unsere Plattform zugreifen, informieren wir Sie dar\u00fcber, dass wir Ihre Browserdaten zu analytischen und statistischen Zwecken verarbeiten, d. h. um zu verstehen, wie Benutzer mit unserer Plattform interagieren, und um sie so verbessern zu k\u00f6nnen. Ebenso f\u00fchren wir gelegentlich Qualit\u00e4tsma\u00dfnahmen und Umfragen durch, um den Grad der Zufriedenheit unserer Kunden und Nutzer zu ermitteln und Bereiche zu ermitteln, in denen wir uns verbessern k\u00f6nnen.<\/p>\t\t\t\t\t\t\t\t<\/div>\n\t\t\t\t<\/div>\n\t\t\t\t<div class=\"elementor-element elementor-element-288d8deb elementor-widget elementor-widget-menu-anchor\" data-id=\"288d8deb\" data-element_type=\"widget\" data-widget_type=\"menu-anchor.default\">\n\t\t\t\t<div class=\"elementor-widget-container\">\n\t\t\t\t\t\t\t<div class=\"elementor-menu-anchor\" id=\"4\"><\/div>\n\t\t\t\t\t\t<\/div>\n\t\t\t\t<\/div>\n\t\t\t\t<div class=\"elementor-element elementor-element-594b96bc elementor-widget elementor-widget-text-editor\" data-id=\"594b96bc\" data-element_type=\"widget\" data-widget_type=\"text-editor.default\">\n\t\t\t\t<div class=\"elementor-widget-container\">\n\t\t\t\t\t\t\t\t\t<h4><strong>WELCHE RECHTM\u00c4SSIGKEIT IST DIE VERARBEITUNG IHRER DATEN?<\/strong><\/h4><p>Die Rechtsgrundlage, auf der wir Ihre personenbezogenen Daten verarbeiten d\u00fcrfen, h\u00e4ngt auch von dem Zweck ab, f\u00fcr den wir sie verarbeiten. So finden wir unterschiedliche Rechtsgrundlagen, die auf den folgenden Zwecken basieren:<\/p><ul><li><strong>\u00a0Bitte beachten Sie die Bitte um Informationen.<\/strong><\/li><\/ul><p>Die Rechtsgrundlage f\u00fcr die Verarbeitung Ihrer Daten ist die Einwilligung nach Aufkl\u00e4rung zur Beantwortung von \u00fcber die Website gestellten Fragen, was die Annahme dieser Bedingungen durch den Interessenten voraussetzt.<\/p><ul><li><strong>Benutzerfreundlichkeit und Qualit\u00e4tsanalyse (Cookies)<\/strong><\/li><\/ul><p>Einwilligung des Nutzers zur Implementierung von Cookies.<\/p>\t\t\t\t\t\t\t\t<\/div>\n\t\t\t\t<\/div>\n\t\t\t\t<div class=\"elementor-element elementor-element-784582d elementor-widget elementor-widget-menu-anchor\" data-id=\"784582d\" data-element_type=\"widget\" data-widget_type=\"menu-anchor.default\">\n\t\t\t\t<div class=\"elementor-widget-container\">\n\t\t\t\t\t\t\t<div class=\"elementor-menu-anchor\" id=\"5\"><\/div>\n\t\t\t\t\t\t<\/div>\n\t\t\t\t<\/div>\n\t\t\t\t<div class=\"elementor-element elementor-element-4ac11253 elementor-widget elementor-widget-text-editor\" data-id=\"4ac11253\" data-element_type=\"widget\" data-widget_type=\"text-editor.default\">\n\t\t\t\t<div class=\"elementor-widget-container\">\n\t\t\t\t\t\t\t\t\t<h4><strong>WIE LANGE WERDEN IHRE DATEN AUFBEWAHRT?<\/strong><\/h4><p><strong>Informationsanfrage.<\/strong><\/p><p>Wir verarbeiten Ihre Daten so lange, wie es zur Beantwortung Ihrer Anfrage oder Ihres Anliegens erforderlich ist, und danach f\u00fcr 1 Jahr.<\/p>\t\t\t\t\t\t\t\t<\/div>\n\t\t\t\t<\/div>\n\t\t\t\t<div class=\"elementor-element elementor-element-54e14f94 elementor-widget elementor-widget-menu-anchor\" data-id=\"54e14f94\" data-element_type=\"widget\" data-widget_type=\"menu-anchor.default\">\n\t\t\t\t<div class=\"elementor-widget-container\">\n\t\t\t\t\t\t\t<div class=\"elementor-menu-anchor\" id=\"6\"><\/div>\n\t\t\t\t\t\t<\/div>\n\t\t\t\t<\/div>\n\t\t\t\t<div class=\"elementor-element elementor-element-16d40d67 elementor-widget elementor-widget-text-editor\" data-id=\"16d40d67\" data-element_type=\"widget\" data-widget_type=\"text-editor.default\">\n\t\t\t\t<div class=\"elementor-widget-container\">\n\t\t\t\t\t\t\t\t\t<h4><strong>WERDEN WIR IHRE DATEN AN DRITTE TEILEN?<\/strong><\/h4><p>Zur Erf\u00fcllung der in dieser Datenschutzerkl\u00e4rung genannten Zwecke ist es erforderlich, dass wir Dritten Zugriff auf Ihre personenbezogenen Daten gew\u00e4hren, die uns bei den von uns angebotenen Dienstleistungen unterst\u00fctzen und die wir im Folgenden n\u00e4her erl\u00e4utern:<\/p><ul><li>Durchf\u00fchrung der Erbringung der entsprechenden Dienstleistung und Vermittlung von Kontakten zwischen Bewerbern und Dienstleistern.<\/li><li>Technologiedienstleister.<\/li><\/ul>\t\t\t\t\t\t\t\t<\/div>\n\t\t\t\t<\/div>\n\t\t\t\t<div class=\"elementor-element elementor-element-14df13ea elementor-widget elementor-widget-menu-anchor\" data-id=\"14df13ea\" data-element_type=\"widget\" data-widget_type=\"menu-anchor.default\">\n\t\t\t\t<div class=\"elementor-widget-container\">\n\t\t\t\t\t\t\t<div class=\"elementor-menu-anchor\" id=\"7\"><\/div>\n\t\t\t\t\t\t<\/div>\n\t\t\t\t<\/div>\n\t\t\t\t<div class=\"elementor-element elementor-element-d3f8b90 elementor-widget elementor-widget-text-editor\" data-id=\"d3f8b90\" data-element_type=\"widget\" data-widget_type=\"text-editor.default\">\n\t\t\t\t<div class=\"elementor-widget-container\">\n\t\t\t\t\t\t\t\t\t<h4><strong>Welche Rechte haben Sie, wenn Sie uns Ihre Daten zur Verf\u00fcgung stellen?<\/strong><\/h4><p>Wir verpflichten uns, die Vertraulichkeit Ihrer personenbezogenen Daten zu respektieren und die Aus\u00fcbung Ihrer Rechte zu gew\u00e4hrleisten.<\/p><p>Sie k\u00f6nnen diese kostenlos aus\u00fcben, indem Sie uns eine E-Mail an die Adresse unseres Unternehmens senden und dabei lediglich den Grund Ihres Antrags und das Recht, das Sie aus\u00fcben m\u00f6chten, angeben.<\/p><p>Wenn wir es f\u00fcr erforderlich halten, Sie zu identifizieren, k\u00f6nnen wir eine Kopie eines Dokuments zum Nachweis Ihrer Identit\u00e4t anfordern. Insbesondere haben Sie, unabh\u00e4ngig von dem Zweck oder der Rechtsgrundlage, zu der wir Ihre Daten verarbeiten, das Recht:<\/p><p>Bitten Sie uns um Zugang zu den Daten, die wir \u00fcber Sie haben.<\/p><p>Bitten Sie uns, die uns bereits vorliegenden Daten zu berichtigen. Bitte beachten Sie, dass Sie durch die aktive Bereitstellung Ihrer personenbezogenen Daten auf irgendeine Weise garantieren, dass diese wahr und korrekt sind, und dass Sie sich damit einverstanden erkl\u00e4ren, uns \u00fcber etwaige \u00c4nderungen oder Modifikationen dieser Daten zu informieren.<\/p><p>Fordern Sie uns auf, Ihre Daten zu l\u00f6schen, soweit diese f\u00fcr den Zweck, zu dem wir sie verarbeiten m\u00fcssen, \u00fcber den wir Sie zuvor informiert haben, nicht mehr erforderlich sind oder wir nicht mehr berechtigt sind, dies zu tun.<\/p><p>Bitten Sie uns, die Verarbeitung Ihrer Daten einzuschr\u00e4nken. Das bedeutet, dass Sie uns in bestimmten F\u00e4llen bitten k\u00f6nnen, die Verarbeitung der Daten vor\u00fcbergehend auszusetzen oder sie \u00fcber den erforderlichen Zeitraum hinaus aufzubewahren, wenn Sie sie ben\u00f6tigen. Wenn Sie uns Ihre Einwilligung zur Verarbeitung Ihrer Daten f\u00fcr einen beliebigen Zweck erteilt haben, haben Sie auch das Recht, Ihre Einwilligung jederzeit zu widerrufen.<\/p><p>Wenn die Verarbeitung Ihrer Daten hingegen auf unserem berechtigten Interesse beruht, haben Sie auch das Recht, der Verarbeitung Ihrer Daten zu widersprechen.<\/p><p>Abschlie\u00dfend informieren wir Sie \u00fcber Ihr Recht, eine Beschwerde bei der zust\u00e4ndigen Datenschutzaufsichtsbeh\u00f6rde, insbesondere bei der spanischen Datenschutzbeh\u00f6rde, einzureichen. <a href=\"https:\/\/www.agpd.es\/portalwebAGPD\/index-ides-idphp.php\" target=\"_blank\" rel=\"noopener\">https:\/\/www.agpd.es\/portalwebAGPD\/index-ides-idphp.php<\/a><\/p>\t\t\t\t\t\t\t\t<\/div>\n\t\t\t\t<\/div>\n\t\t\t\t<div class=\"elementor-element elementor-element-3aff1c66 elementor-widget elementor-widget-menu-anchor\" data-id=\"3aff1c66\" data-element_type=\"widget\" data-widget_type=\"menu-anchor.default\">\n\t\t\t\t<div class=\"elementor-widget-container\">\n\t\t\t\t\t\t\t<div class=\"elementor-menu-anchor\" id=\"8\"><\/div>\n\t\t\t\t\t\t<\/div>\n\t\t\t\t<\/div>\n\t\t\t\t<div class=\"elementor-element elementor-element-4af67182 elementor-widget elementor-widget-text-editor\" data-id=\"4af67182\" data-element_type=\"widget\" data-widget_type=\"text-editor.default\">\n\t\t\t\t<div class=\"elementor-widget-container\">\n\t\t\t\t\t\t\t\t\t<h4>\u00c4NDERUNGEN DER DATENSCHUTZRICHTLINIE.<\/h4><p>Wir k\u00f6nnen die in dieser Datenschutzrichtlinie enthaltenen Informationen von Zeit zu Zeit \u00e4ndern, wenn wir dies f\u00fcr angemessen halten. Wenn wir dies tun, benachrichtigen wir Sie auf unterschiedliche Weise \u00fcber die Plattform oder teilen Ihnen dies sogar an Ihre E-Mail-Adresse mit, wenn die betreffende \u00c4nderung f\u00fcr Ihre Privatsph\u00e4re von Bedeutung ist, damit Sie die \u00c4nderungen \u00fcberpr\u00fcfen, bewerten und gegebenenfalls \u00fcberpr\u00fcfen k\u00f6nnen angemessen zu sein, sich einem Dienst oder einer Funktionalit\u00e4t zu widersetzen oder diesen abzubestellen.<\/p>\t\t\t\t\t\t\t\t<\/div>\n\t\t\t\t<\/div>\n\t\t\t\t<div class=\"elementor-element elementor-element-65f7eb1f elementor-widget elementor-widget-menu-anchor\" data-id=\"65f7eb1f\" data-element_type=\"widget\" data-widget_type=\"menu-anchor.default\">\n\t\t\t\t<div class=\"elementor-widget-container\">\n\t\t\t\t\t\t\t<div class=\"elementor-menu-anchor\" id=\"9\"><\/div>\n\t\t\t\t\t\t<\/div>\n\t\t\t\t<\/div>\n\t\t\t\t<div class=\"elementor-element elementor-element-866ebb4 elementor-widget elementor-widget-text-editor\" data-id=\"866ebb4\" data-element_type=\"widget\" data-widget_type=\"text-editor.default\">\n\t\t\t\t<div class=\"elementor-widget-container\">\n\t\t\t\t\t\t\t\t\t<h4>INFORMATIONEN ZU COOKIES<\/h4><p>Wir verwenden Cookies und \u00e4hnliche Ger\u00e4te, um Ihnen die Navigation auf der Plattform zu erleichtern, zu verstehen, wie Sie mit uns interagieren, und um Ihnen in bestimmten F\u00e4llen Werbung basierend auf Ihren Surfgewohnheiten zeigen zu k\u00f6nnen. Bitte lesen Sie unsere <strong>Cookie-Richtlinie<\/strong> um mehr \u00fcber die von uns verwendeten Cookies und \u00e4hnlichen Ger\u00e4te, deren Zweck und andere interessante Informationen zu erfahren.<\/p>\t\t\t\t\t\t\t\t<\/div>\n\t\t\t\t<\/div>\n\t\t\t\t\t<\/div>\n\t\t<\/div>\n\t\t\t\t\t<\/div>\n\t\t<\/section>\n\t\t\t\t<\/div>","protected":false},"excerpt":{"rendered":"<p>Datenschutz Wer ist f\u00fcr die Verarbeitung Ihrer Daten verantwortlich? Welche Art von Daten verarbeiten wir? Zu welchem Zweck verarbeiten wir Ihre personenbezogenen Daten? Was ist die Legitimit\u00e4t f\u00fcr die Verarbeitung Ihrer Daten? Wie lange werden wir Ihre Daten aufbewahren? Werden wir Ihre Daten an Dritte weitergeben? Welche Rechte haben Sie, wenn Sie uns Ihre Daten zur Verf\u00fcgung stellen? \u00c4nderungen [\u2026]<\/p>","protected":false},"author":2,"featured_media":0,"parent":0,"menu_order":0,"comment_status":"closed","ping_status":"closed","template":"elementor_header_footer","meta":{"inline_featured_image":false,"footnotes":""},"class_list":["post-27","page","type-page","status-publish","hentry"],"_links":{"self":[{"href":"https:\/\/hortifruit.com\/de\/wp-json\/wp\/v2\/pages\/27","targetHints":{"allow":["GET"]}}],"collection":[{"href":"https:\/\/hortifruit.com\/de\/wp-json\/wp\/v2\/pages"}],"about":[{"href":"https:\/\/hortifruit.com\/de\/wp-json\/wp\/v2\/types\/page"}],"author":[{"embeddable":true,"href":"https:\/\/hortifruit.com\/de\/wp-json\/wp\/v2\/users\/2"}],"replies":[{"embeddable":true,"href":"https:\/\/hortifruit.com\/de\/wp-json\/wp\/v2\/comments?post=27"}],"version-history":[{"count":8,"href":"https:\/\/hortifruit.com\/de\/wp-json\/wp\/v2\/pages\/27\/revisions"}],"predecessor-version":[{"id":289,"href":"https:\/\/hortifruit.com\/de\/wp-json\/wp\/v2\/pages\/27\/revisions\/289"}],"wp:attachment":[{"href":"https:\/\/hortifruit.com\/de\/wp-json\/wp\/v2\/media?parent=27"}],"curies":[{"name":"wp","href":"https:\/\/api.w.org\/{rel}","templated":true}]}}