{"id":37,"date":"2022-06-30T10:02:56","date_gmt":"2022-06-30T10:02:56","guid":{"rendered":"https:\/\/hortifruit.com\/?page_id=37"},"modified":"2025-01-08T13:43:16","modified_gmt":"2025-01-08T12:43:16","slug":"aviso-legal","status":"publish","type":"page","link":"https:\/\/hortifruit.com\/de\/aviso-legal\/","title":{"rendered":"Rechtlicher Hinweis"},"content":{"rendered":"<div data-elementor-type=\"wp-page\" data-elementor-id=\"37\" class=\"elementor elementor-37\" data-elementor-post-type=\"page\">\n\t\t\t\t\t\t<section class=\"elementor-section elementor-top-section elementor-element elementor-element-5ccee4c4 elementor-section-boxed elementor-section-height-default elementor-section-height-default\" data-id=\"5ccee4c4\" data-element_type=\"section\" data-settings=\"{&quot;background_background&quot;:&quot;classic&quot;}\">\n\t\t\t\t\t\t<div class=\"elementor-container elementor-column-gap-default\">\n\t\t\t\t\t<div class=\"elementor-column elementor-col-100 elementor-top-column elementor-element elementor-element-5b76ca2\" data-id=\"5b76ca2\" data-element_type=\"column\">\n\t\t\t<div class=\"elementor-widget-wrap elementor-element-populated\">\n\t\t\t\t\t\t<div class=\"elementor-element elementor-element-2bff3d55 elementor-widget elementor-widget-spacer\" data-id=\"2bff3d55\" data-element_type=\"widget\" data-widget_type=\"spacer.default\">\n\t\t\t\t<div class=\"elementor-widget-container\">\n\t\t\t\t\t\t\t<div class=\"elementor-spacer\">\n\t\t\t<div class=\"elementor-spacer-inner\"><\/div>\n\t\t<\/div>\n\t\t\t\t\t\t<\/div>\n\t\t\t\t<\/div>\n\t\t\t\t\t<\/div>\n\t\t<\/div>\n\t\t\t\t\t<\/div>\n\t\t<\/section>\n\t\t\t\t<section class=\"elementor-section elementor-top-section elementor-element elementor-element-22d80b0d elementor-section-boxed elementor-section-height-default elementor-section-height-default\" data-id=\"22d80b0d\" data-element_type=\"section\">\n\t\t\t\t\t\t<div class=\"elementor-container elementor-column-gap-default\">\n\t\t\t\t\t<div class=\"elementor-column elementor-col-100 elementor-top-column elementor-element elementor-element-44991436\" data-id=\"44991436\" data-element_type=\"column\">\n\t\t\t<div class=\"elementor-widget-wrap elementor-element-populated\">\n\t\t\t\t\t\t<div class=\"elementor-element elementor-element-46c5a2a3 elementor-widget elementor-widget-heading\" data-id=\"46c5a2a3\" data-element_type=\"widget\" data-widget_type=\"heading.default\">\n\t\t\t\t<div class=\"elementor-widget-container\">\n\t\t\t\t\t<h2 class=\"elementor-heading-title elementor-size-default\">Rechtlicher Hinweis<\/h2>\t\t\t\t<\/div>\n\t\t\t\t<\/div>\n\t\t\t\t<div class=\"elementor-element elementor-element-726e0862 elementor-widget-divider--view-line_icon elementor-widget-divider--element-align-left elementor-view-default elementor-widget elementor-widget-divider\" data-id=\"726e0862\" data-element_type=\"widget\" data-widget_type=\"divider.default\">\n\t\t\t\t<div class=\"elementor-widget-container\">\n\t\t\t\t\t\t\t<div class=\"elementor-divider\">\n\t\t\t<span class=\"elementor-divider-separator\">\n\t\t\t\t\t\t\t<div class=\"elementor-icon elementor-divider__element\">\n\t\t\t\t\t<i aria-hidden=\"true\" class=\"fas fa-scroll\"><\/i><\/div>\n\t\t\t\t\t\t<\/span>\n\t\t<\/div>\n\t\t\t\t\t\t<\/div>\n\t\t\t\t<\/div>\n\t\t\t\t<section class=\"elementor-section elementor-inner-section elementor-element elementor-element-dcf5d8d elementor-section-boxed elementor-section-height-default elementor-section-height-default\" data-id=\"dcf5d8d\" data-element_type=\"section\">\n\t\t\t\t\t\t<div class=\"elementor-container elementor-column-gap-default\">\n\t\t\t\t\t<div class=\"elementor-column elementor-col-50 elementor-inner-column elementor-element elementor-element-f885d5b\" data-id=\"f885d5b\" data-element_type=\"column\">\n\t\t\t<div class=\"elementor-widget-wrap elementor-element-populated\">\n\t\t\t\t\t\t<div class=\"elementor-element elementor-element-6cc9c947 elementor-icon-list--layout-traditional elementor-list-item-link-full_width elementor-widget elementor-widget-icon-list\" data-id=\"6cc9c947\" data-element_type=\"widget\" data-widget_type=\"icon-list.default\">\n\t\t\t\t<div class=\"elementor-widget-container\">\n\t\t\t\t\t\t\t<ul class=\"elementor-icon-list-items\">\n\t\t\t\t\t\t\t<li class=\"elementor-icon-list-item\">\n\t\t\t\t\t\t\t\t\t\t\t<a href=\"#1\">\n\n\t\t\t\t\t\t\t\t\t\t\t\t<span class=\"elementor-icon-list-icon\">\n\t\t\t\t\t\t\t<i aria-hidden=\"true\" class=\"fas fa-arrow-circle-right\"><\/i>\t\t\t\t\t\t<\/span>\n\t\t\t\t\t\t\t\t\t\t<span class=\"elementor-icon-list-text\">Identifikationsdaten<\/span>\n\t\t\t\t\t\t\t\t\t\t\t<\/a>\n\t\t\t\t\t\t\t\t\t<\/li>\n\t\t\t\t\t\t\t\t<li class=\"elementor-icon-list-item\">\n\t\t\t\t\t\t\t\t\t\t\t<a href=\"#2\">\n\n\t\t\t\t\t\t\t\t\t\t\t\t<span class=\"elementor-icon-list-icon\">\n\t\t\t\t\t\t\t<i aria-hidden=\"true\" class=\"fas fa-arrow-circle-right\"><\/i>\t\t\t\t\t\t<\/span>\n\t\t\t\t\t\t\t\t\t\t<span class=\"elementor-icon-list-text\">Nutzung der Website und Pflichten der Nutzer<\/span>\n\t\t\t\t\t\t\t\t\t\t\t<\/a>\n\t\t\t\t\t\t\t\t\t<\/li>\n\t\t\t\t\t\t\t\t<li class=\"elementor-icon-list-item\">\n\t\t\t\t\t\t\t\t\t\t\t<a href=\"#3\">\n\n\t\t\t\t\t\t\t\t\t\t\t\t<span class=\"elementor-icon-list-icon\">\n\t\t\t\t\t\t\t<i aria-hidden=\"true\" class=\"fas fa-arrow-circle-right\"><\/i>\t\t\t\t\t\t<\/span>\n\t\t\t\t\t\t\t\t\t\t<span class=\"elementor-icon-list-text\">Geistiges und gewerbliches Eigentum<\/span>\n\t\t\t\t\t\t\t\t\t\t\t<\/a>\n\t\t\t\t\t\t\t\t\t<\/li>\n\t\t\t\t\t\t\t\t<li class=\"elementor-icon-list-item\">\n\t\t\t\t\t\t\t\t\t\t\t<a href=\"#4\">\n\n\t\t\t\t\t\t\t\t\t\t\t\t<span class=\"elementor-icon-list-icon\">\n\t\t\t\t\t\t\t<i aria-hidden=\"true\" class=\"fas fa-arrow-circle-right\"><\/i>\t\t\t\t\t\t<\/span>\n\t\t\t\t\t\t\t\t\t\t<span class=\"elementor-icon-list-text\">Links<\/span>\n\t\t\t\t\t\t\t\t\t\t\t<\/a>\n\t\t\t\t\t\t\t\t\t<\/li>\n\t\t\t\t\t\t\t\t<li class=\"elementor-icon-list-item\">\n\t\t\t\t\t\t\t\t\t\t\t<a href=\"#5\">\n\n\t\t\t\t\t\t\t\t\t\t\t\t<span class=\"elementor-icon-list-icon\">\n\t\t\t\t\t\t\t<i aria-hidden=\"true\" class=\"fas fa-arrow-circle-right\"><\/i>\t\t\t\t\t\t<\/span>\n\t\t\t\t\t\t\t\t\t\t<span class=\"elementor-icon-list-text\">Einseitige \u00c4nderung und Dauer<\/span>\n\t\t\t\t\t\t\t\t\t\t\t<\/a>\n\t\t\t\t\t\t\t\t\t<\/li>\n\t\t\t\t\t\t\t\t<li class=\"elementor-icon-list-item\">\n\t\t\t\t\t\t\t\t\t\t\t<a href=\"#6\">\n\n\t\t\t\t\t\t\t\t\t\t\t\t<span class=\"elementor-icon-list-icon\">\n\t\t\t\t\t\t\t<i aria-hidden=\"true\" class=\"fas fa-arrow-circle-right\"><\/i>\t\t\t\t\t\t<\/span>\n\t\t\t\t\t\t\t\t\t\t<span class=\"elementor-icon-list-text\">Verarbeitung personenbezogener Daten<\/span>\n\t\t\t\t\t\t\t\t\t\t\t<\/a>\n\t\t\t\t\t\t\t\t\t<\/li>\n\t\t\t\t\t\t\t\t<li class=\"elementor-icon-list-item\">\n\t\t\t\t\t\t\t\t\t\t\t<a href=\"#7\">\n\n\t\t\t\t\t\t\t\t\t\t\t\t<span class=\"elementor-icon-list-icon\">\n\t\t\t\t\t\t\t<i aria-hidden=\"true\" class=\"fas fa-arrow-circle-right\"><\/i>\t\t\t\t\t\t<\/span>\n\t\t\t\t\t\t\t\t\t\t<span class=\"elementor-icon-list-text\">Anwendbares Recht und Gerichtsstand<\/span>\n\t\t\t\t\t\t\t\t\t\t\t<\/a>\n\t\t\t\t\t\t\t\t\t<\/li>\n\t\t\t\t\t\t\t\t<li class=\"elementor-icon-list-item\">\n\t\t\t\t\t\t\t\t\t\t\t<a href=\"#8\">\n\n\t\t\t\t\t\t\t\t\t\t\t\t<span class=\"elementor-icon-list-icon\">\n\t\t\t\t\t\t\t<i aria-hidden=\"true\" class=\"fas fa-arrow-circle-right\"><\/i>\t\t\t\t\t\t<\/span>\n\t\t\t\t\t\t\t\t\t\t<span class=\"elementor-icon-list-text\">Kontakt<\/span>\n\t\t\t\t\t\t\t\t\t\t\t<\/a>\n\t\t\t\t\t\t\t\t\t<\/li>\n\t\t\t\t\t\t<\/ul>\n\t\t\t\t\t\t<\/div>\n\t\t\t\t<\/div>\n\t\t\t\t\t<\/div>\n\t\t<\/div>\n\t\t\t\t<div class=\"elementor-column elementor-col-50 elementor-inner-column elementor-element elementor-element-77f290f6\" data-id=\"77f290f6\" data-element_type=\"column\">\n\t\t\t<div class=\"elementor-widget-wrap\">\n\t\t\t\t\t\t\t<\/div>\n\t\t<\/div>\n\t\t\t\t\t<\/div>\n\t\t<\/section>\n\t\t\t\t<div class=\"elementor-element elementor-element-638e7ab8 elementor-widget elementor-widget-spacer\" data-id=\"638e7ab8\" data-element_type=\"widget\" data-widget_type=\"spacer.default\">\n\t\t\t\t<div class=\"elementor-widget-container\">\n\t\t\t\t\t\t\t<div class=\"elementor-spacer\">\n\t\t\t<div class=\"elementor-spacer-inner\"><\/div>\n\t\t<\/div>\n\t\t\t\t\t\t<\/div>\n\t\t\t\t<\/div>\n\t\t\t\t<div class=\"elementor-element elementor-element-57a6cb5c elementor-widget elementor-widget-text-editor\" data-id=\"57a6cb5c\" data-element_type=\"widget\" data-widget_type=\"text-editor.default\">\n\t\t\t\t<div class=\"elementor-widget-container\">\n\t\t\t\t\t\t\t\t\t<p>Bitte lesen Sie alle Abschnitte dieser rechtlichen Hinweise, bevor Sie diese Website nutzen. Die nachstehenden Bedingungen sind f\u00fcr jeden Nutzer verbindlich.<\/p><p>In \u00dcbereinstimmung mit der Informationspflicht gem\u00e4\u00df Gesetz 34\/2002 \u00fcber Dienste der Informationsgesellschaft und elektronischen Handel (LSSI-CE) vom 11. Juli werden auf dieser Website die folgenden allgemeinen Informationsdaten bereitgestellt.<\/p><p>Der Zweck dieses Textes besteht darin, die Funktionalit\u00e4ten dieser Website im Detail zu erl\u00e4utern und Ihnen Informationen \u00fcber den Datenverantwortlichen und den Zweck der darin enthaltenen Inhalte bereitzustellen.<\/p>\t\t\t\t\t\t\t\t<\/div>\n\t\t\t\t<\/div>\n\t\t\t\t<div class=\"elementor-element elementor-element-81a7c22 elementor-widget elementor-widget-menu-anchor\" data-id=\"81a7c22\" data-element_type=\"widget\" data-widget_type=\"menu-anchor.default\">\n\t\t\t\t<div class=\"elementor-widget-container\">\n\t\t\t\t\t\t\t<div class=\"elementor-menu-anchor\" id=\"1\"><\/div>\n\t\t\t\t\t\t<\/div>\n\t\t\t\t<\/div>\n\t\t\t\t<div class=\"elementor-element elementor-element-54d16d6e elementor-widget elementor-widget-text-editor\" data-id=\"54d16d6e\" data-element_type=\"widget\" data-widget_type=\"text-editor.default\">\n\t\t\t\t<div class=\"elementor-widget-container\">\n\t\t\t\t\t\t\t\t\t<h4>IDENTIFIZIERUNGSDATEN<\/h4><p>Dieser rechtliche Hinweis regelt die Nutzung des Website-Dienstes hortifruit.com und informiert Sie in \u00dcbereinstimmung mit dem Gesetz 34\/2002 vom 11. Juli \u00fcber Dienste der Informationsgesellschaft und elektronischen Handel \u00fcber Folgendes:<\/p><p><strong>Verantwortlich f\u00fcr die Behandlung:<\/strong> VILLA DE TORRE PACHECO MESSEINSTITUTION<\/p><p><strong>CIF:<\/strong>\u00a0G30111702\u00a0<\/p><p><strong>Heim:<\/strong>\u00a0Avda. Gerardo Molina, 117, 30700 Torre Pacheco (Murcia)<\/p><p><strong>Telefon:<\/strong>\u00a0968 33 63 83<\/p><p><strong>E-Mail:<\/strong> ifepa@ifepa.es<\/p><p>Das UNTERNEHMEN beabsichtigt, mit seiner Website seine Aktivit\u00e4ten bekannt zu machen und die M\u00f6glichkeit zu bieten, mit uns in Kontakt zu treten, Anfragen zu stellen, unser Magazin zu abonnieren sowie uns \u00fcber Ihre Anspr\u00fcche und Beschwerden zu informieren.<\/p><p>Der Zweck dieses Dokuments besteht darin, die allgemeinen Nutzungsbedingungen der Website festzulegen. Die Allgemeinen Gesch\u00e4ftsbedingungen sind f\u00fcr die Akzeptanz und Einhaltung durch alle Nutzer, die sie nutzen m\u00f6chten, verbindlich.<\/p>\t\t\t\t\t\t\t\t<\/div>\n\t\t\t\t<\/div>\n\t\t\t\t<div class=\"elementor-element elementor-element-bec3412 elementor-widget elementor-widget-menu-anchor\" data-id=\"bec3412\" data-element_type=\"widget\" data-widget_type=\"menu-anchor.default\">\n\t\t\t\t<div class=\"elementor-widget-container\">\n\t\t\t\t\t\t\t<div class=\"elementor-menu-anchor\" id=\"2\"><\/div>\n\t\t\t\t\t\t<\/div>\n\t\t\t\t<\/div>\n\t\t\t\t<div class=\"elementor-element elementor-element-7952f663 elementor-widget elementor-widget-text-editor\" data-id=\"7952f663\" data-element_type=\"widget\" data-widget_type=\"text-editor.default\">\n\t\t\t\t<div class=\"elementor-widget-container\">\n\t\t\t\t\t\t\t\t\t<h4>NUTZUNG DER WEBSITE UND PFLICHTEN DER BENUTZER<\/h4><p>Der Nutzer verpflichtet sich, die Website, deren Inhalte und Dienste zu nutzen, ohne gegen geltendes Recht, allgemein anerkannte Nutzungsbedingungen und die \u00f6ffentliche Ordnung zu versto\u00dfen. Die Nutzung der Website f\u00fcr illegale oder sch\u00e4dliche Zwecke gegen\u00fcber dem UNTERNEHMEN oder Dritten, die in irgendeiner Weise Schaden verursachen oder die normale Nutzung der Website verhindern k\u00f6nnten, ist verboten.<\/p><p>Das UNTERNEHMEN garantiert, dass die vom Portal angebotenen Inhalte und Dienste den Grundsatz der W\u00fcrde der Person, des Schutzes von Jugend und Kindheit, der Nichtdiskriminierung aufgrund von Rasse, Geschlecht, Religion, Meinung, Nationalit\u00e4t, Behinderung oder anderen pers\u00f6nlichen und sozialen Aspekten respektieren.<\/p><p>Diese Allgemeinen Nutzungsbedingungen der Website gew\u00e4hren dem Nutzer kein anderes als das hier ausdr\u00fccklich vorgesehene Recht zur Nutzung, \u00c4nderung, Verwertung, Vervielf\u00e4ltigung, Verbreitung oder \u00f6ffentlichen Wiedergabe der Inhalte der Website.<\/p><p>Die auf dem Portal gesammelten Inhalte (Informationen, Ton- und\/oder Bilddateien, Fotos, Designs usw.) sind Eigentum des UNTERNEHMENS oder wurden von seinen rechtm\u00e4\u00dfigen Eigent\u00fcmern ordnungsgem\u00e4\u00df zur Verbreitung autorisiert.<\/p><p>Das UNTERNEHMEN verpflichtet sich, keine irref\u00fchrende Werbung zu betreiben und ist daher verboten:<\/p><ul><li>Verwendung f\u00fcr alle Arten von kommerziellen oder Werbezwecken, au\u00dfer den streng erlaubten.<\/li><li>Die Vervielf\u00e4ltigung, Ver\u00f6ffentlichung, Verbreitung oder \u00c4nderung im Ganzen oder in Teilen bedarf der vorherigen schriftlichen Genehmigung der rechtm\u00e4\u00dfigen Eigent\u00fcmer oder ist gesetzlich zul\u00e4ssig.<\/li><li>Jede Verletzung der Rechte des UNTERNEHMENS oder seiner rechtm\u00e4\u00dfigen Eigent\u00fcmer.<\/li><\/ul>\t\t\t\t\t\t\t\t<\/div>\n\t\t\t\t<\/div>\n\t\t\t\t<div class=\"elementor-element elementor-element-44c7baa0 elementor-widget elementor-widget-menu-anchor\" data-id=\"44c7baa0\" data-element_type=\"widget\" data-widget_type=\"menu-anchor.default\">\n\t\t\t\t<div class=\"elementor-widget-container\">\n\t\t\t\t\t\t\t<div class=\"elementor-menu-anchor\" id=\"3\"><\/div>\n\t\t\t\t\t\t<\/div>\n\t\t\t\t<\/div>\n\t\t\t\t<div class=\"elementor-element elementor-element-2d9f1e24 elementor-widget elementor-widget-text-editor\" data-id=\"2d9f1e24\" data-element_type=\"widget\" data-widget_type=\"text-editor.default\">\n\t\t\t\t<div class=\"elementor-widget-container\">\n\t\t\t\t\t\t\t\t\t<h4>GEISTIGES UND INDUSTRIELLES EIGENTUM<\/h4><p>Der Benutzer erkennt an und akzeptiert, dass alle gewerblichen und geistigen Eigentumsrechte an den Inhalten und\/oder anderen auf der Website eingef\u00fcgten Elementen dem UNTERNEHMEN geh\u00f6ren oder dass es ordnungsgem\u00e4\u00df zur Verbreitung auf dieser Website berechtigt ist.<\/p><p>F\u00fcr den Fall, dass ein Benutzer oder ein Dritter der Ansicht ist, dass durch die Einf\u00fchrung bestimmter Inhalte auf der Website eine Verletzung seiner legitimen geistigen Eigentumsrechte vorliegt, muss er das UNTERNEHMEN \u00fcber diesen Umstand informieren und Folgendes angeben:<\/p><ul><li>Pers\u00f6nliche Daten des Betroffenen, der Inhaber der angeblich verletzten Rechte ist, oder Angabe der Vertretung, mit der er handelt, falls der Anspruch von einem anderen Dritten als dem Betroffenen geltend gemacht wird.<\/li><li>Geben Sie die durch geistige Eigentumsrechte gesch\u00fctzten Inhalte und deren Platzierung im Internet, die Akkreditierung der angegebenen geistigen Eigentumsrechte und eine ausdr\u00fcckliche Erkl\u00e4rung an, in der der Interessent f\u00fcr die Richtigkeit der in der Meldung gemachten Angaben verantwortlich ist.<\/li><\/ul>\t\t\t\t\t\t\t\t<\/div>\n\t\t\t\t<\/div>\n\t\t\t\t<div class=\"elementor-element elementor-element-5cb18f1c elementor-widget elementor-widget-menu-anchor\" data-id=\"5cb18f1c\" data-element_type=\"widget\" data-widget_type=\"menu-anchor.default\">\n\t\t\t\t<div class=\"elementor-widget-container\">\n\t\t\t\t\t\t\t<div class=\"elementor-menu-anchor\" id=\"4\"><\/div>\n\t\t\t\t\t\t<\/div>\n\t\t\t\t<\/div>\n\t\t\t\t<div class=\"elementor-element elementor-element-67d594b elementor-widget elementor-widget-text-editor\" data-id=\"67d594b\" data-element_type=\"widget\" data-widget_type=\"text-editor.default\">\n\t\t\t\t<div class=\"elementor-widget-container\">\n\t\t\t\t\t\t\t\t\t<h4>LINKS<\/h4><p>Diese Website enth\u00e4lt Links zu anderen Websites und Inhalten Dritter.<\/p><p>Der alleinige Zweck der Links besteht darin, dem Nutzer die M\u00f6glichkeit zu geben, auf diese Links zuzugreifen. Das UNTERNEHMEN ist in keinem Fall f\u00fcr die Folgen verantwortlich, die f\u00fcr den Benutzer durch den Zugriff auf diese Links entstehen k\u00f6nnen.<\/p><p>Der Benutzer, der beabsichtigt, eine technische Verbindung von seiner Website zum Portal herzustellen, muss zuvor eine schriftliche Genehmigung des UNTERNEHMENS einholen. Die Einrichtung des Links impliziert in keinem Fall das Bestehen einer Beziehung zwischen dem UNTERNEHMEN und dem Eigent\u00fcmer der Website, auf der der Link eingerichtet ist, noch die Annahme oder Genehmigung seiner Inhalte oder Dienste durch das UNTERNEHMEN.<\/p><p>Die Website, auf der der Link hergestellt wird, darf keine Marke, keinen Namen, kein Logo, keinen Slogan oder andere Unterscheidungszeichen des UNTERNEHMENS enthalten, es sei denn, dies ist ausdr\u00fccklich genehmigt.<\/p>\t\t\t\t\t\t\t\t<\/div>\n\t\t\t\t<\/div>\n\t\t\t\t<div class=\"elementor-element elementor-element-56b930f4 elementor-widget elementor-widget-menu-anchor\" data-id=\"56b930f4\" data-element_type=\"widget\" data-widget_type=\"menu-anchor.default\">\n\t\t\t\t<div class=\"elementor-widget-container\">\n\t\t\t\t\t\t\t<div class=\"elementor-menu-anchor\" id=\"5\"><\/div>\n\t\t\t\t\t\t<\/div>\n\t\t\t\t<\/div>\n\t\t\t\t<div class=\"elementor-element elementor-element-477d6fbf elementor-widget elementor-widget-text-editor\" data-id=\"477d6fbf\" data-element_type=\"widget\" data-widget_type=\"text-editor.default\">\n\t\t\t\t<div class=\"elementor-widget-container\">\n\t\t\t\t\t\t\t\t\t<h4>EINSEITIGE \u00c4NDERUNG UND DAUER<\/h4><p>Das UNTERNEHMEN beh\u00e4lt sich das Recht vor, die Darstellung und Konfiguration der Website sowie diesen rechtlichen Hinweis jederzeit und ohne vorherige Ank\u00fcndigung zu \u00e4ndern.<\/p><p>AUSSCHLUSS VON GEW\u00c4HRLEISTUNGEN UND HAFTUNG<\/p><p>Das UNTERNEHMEN \u00fcbernimmt keinerlei Garantie und ist in keinem Fall f\u00fcr Sch\u00e4den jeglicher Art verantwortlich, die aufgrund von Folgendem entstehen k\u00f6nnen:<\/p><ul><li>Mangelnde Verf\u00fcgbarkeit, Wartung und effektives Funktionieren der Website und\/oder ihrer Dienste oder Inhalte.<\/li><li>Das Vorhandensein von Viren, b\u00f6sartigen oder sch\u00e4dlichen Programmen in den Inhalten.<\/li><li>Die rechtswidrige, fahrl\u00e4ssige oder betr\u00fcgerische Nutzung der Website, ihrer Dienste oder Inhalte durch Benutzer, die gegen diese Bedingungen, Treu und Glauben, allgemein anerkannte Nutzungen oder die \u00f6ffentliche Ordnung verst\u00f6\u00dft.<\/li><\/ul>\t\t\t\t\t\t\t\t<\/div>\n\t\t\t\t<\/div>\n\t\t\t\t<div class=\"elementor-element elementor-element-9ccaa8d elementor-widget elementor-widget-menu-anchor\" data-id=\"9ccaa8d\" data-element_type=\"widget\" data-widget_type=\"menu-anchor.default\">\n\t\t\t\t<div class=\"elementor-widget-container\">\n\t\t\t\t\t\t\t<div class=\"elementor-menu-anchor\" id=\"6\"><\/div>\n\t\t\t\t\t\t<\/div>\n\t\t\t\t<\/div>\n\t\t\t\t<div class=\"elementor-element elementor-element-680f236e elementor-widget elementor-widget-text-editor\" data-id=\"680f236e\" data-element_type=\"widget\" data-widget_type=\"text-editor.default\">\n\t\t\t\t<div class=\"elementor-widget-container\">\n\t\t\t\t\t\t\t\t\t<h4>VERARBEITUNG PERSONENBEZOGENER DATEN<\/h4><p>Das UNTERNEHMEN hat, wie in seiner \u201eDATENSCHUTZRICHTLINIE\u201c, die Sie auf dieser Website einsehen k\u00f6nnen, angegeben ist, die f\u00fcr die von ihm verarbeiteten und verwalteten Daten angemessenen Sicherheitsstufen eingef\u00fchrt und alle ihm zur Verf\u00fcgung stehenden Mittel und technischen Ma\u00dfnahmen integriert, um deren Vertraulichkeit zu gew\u00e4hrleisten. Verlust, Ver\u00e4nderung, unbefugter Zugriff und Diebstahl.<\/p>\t\t\t\t\t\t\t\t<\/div>\n\t\t\t\t<\/div>\n\t\t\t\t<div class=\"elementor-element elementor-element-71a5961c elementor-widget elementor-widget-menu-anchor\" data-id=\"71a5961c\" data-element_type=\"widget\" data-widget_type=\"menu-anchor.default\">\n\t\t\t\t<div class=\"elementor-widget-container\">\n\t\t\t\t\t\t\t<div class=\"elementor-menu-anchor\" id=\"7\"><\/div>\n\t\t\t\t\t\t<\/div>\n\t\t\t\t<\/div>\n\t\t\t\t<div class=\"elementor-element elementor-element-2c99dbf2 elementor-widget elementor-widget-text-editor\" data-id=\"2c99dbf2\" data-element_type=\"widget\" data-widget_type=\"text-editor.default\">\n\t\t\t\t<div class=\"elementor-widget-container\">\n\t\t\t\t\t\t\t\t\t<h4>ANWENDBARES RECHT UND GERICHTSSTAND<\/h4><p>Diese Bedingungen unterliegen der spanischen Gesetzgebung und unterliegen im Falle von Streitigkeiten, die sich aus dem Zugriff auf die Website ergeben, der Zust\u00e4ndigkeit der Gerichte der Stadt MURCIA (Spanien).<\/p>\t\t\t\t\t\t\t\t<\/div>\n\t\t\t\t<\/div>\n\t\t\t\t<div class=\"elementor-element elementor-element-1874dc79 elementor-widget elementor-widget-menu-anchor\" data-id=\"1874dc79\" data-element_type=\"widget\" data-widget_type=\"menu-anchor.default\">\n\t\t\t\t<div class=\"elementor-widget-container\">\n\t\t\t\t\t\t\t<div class=\"elementor-menu-anchor\" id=\"8\"><\/div>\n\t\t\t\t\t\t<\/div>\n\t\t\t\t<\/div>\n\t\t\t\t<div class=\"elementor-element elementor-element-572e4d9f elementor-widget elementor-widget-text-editor\" data-id=\"572e4d9f\" data-element_type=\"widget\" data-widget_type=\"text-editor.default\">\n\t\t\t\t<div class=\"elementor-widget-container\">\n\t\t\t\t\t\t\t\t\t<h4>KONTAKT<\/h4>\n<p>Wenn ein Benutzer Fragen zu diesem rechtlichen Hinweis oder Kommentare dazu hat, kann er sich an ifepa@ifepa.es wenden oder eine schriftliche Mitteilung an die in der Kopfzeile angegebene Adresse senden.<\/p>\t\t\t\t\t\t\t\t<\/div>\n\t\t\t\t<\/div>\n\t\t\t\t\t<\/div>\n\t\t<\/div>\n\t\t\t\t\t<\/div>\n\t\t<\/section>\n\t\t\t\t<\/div>","protected":false},"excerpt":{"rendered":"<p>Rechtlicher Hinweis Identifikationsdaten Nutzung der Website und Pflichten des Nutzers Geistiges und gewerbliches Eigentum Links Einseitige \u00c4nderung und Dauer Verarbeitung personenbezogener Daten Anwendbare Gesetzgebung und Gerichtsbarkeit Kontakt Bitte lesen Sie alle Abschnitte dieser rechtlichen Hinweise, bevor Sie diese Website nutzen. Die folgenden Bedingungen sind f\u00fcr jeden Nutzer verbindlich.<\/p>","protected":false},"author":2,"featured_media":0,"parent":0,"menu_order":0,"comment_status":"closed","ping_status":"closed","template":"elementor_header_footer","meta":{"inline_featured_image":false,"footnotes":""},"class_list":["post-37","page","type-page","status-publish","hentry"],"_links":{"self":[{"href":"https:\/\/hortifruit.com\/de\/wp-json\/wp\/v2\/pages\/37","targetHints":{"allow":["GET"]}}],"collection":[{"href":"https:\/\/hortifruit.com\/de\/wp-json\/wp\/v2\/pages"}],"about":[{"href":"https:\/\/hortifruit.com\/de\/wp-json\/wp\/v2\/types\/page"}],"author":[{"embeddable":true,"href":"https:\/\/hortifruit.com\/de\/wp-json\/wp\/v2\/users\/2"}],"replies":[{"embeddable":true,"href":"https:\/\/hortifruit.com\/de\/wp-json\/wp\/v2\/comments?post=37"}],"version-history":[{"count":8,"href":"https:\/\/hortifruit.com\/de\/wp-json\/wp\/v2\/pages\/37\/revisions"}],"predecessor-version":[{"id":285,"href":"https:\/\/hortifruit.com\/de\/wp-json\/wp\/v2\/pages\/37\/revisions\/285"}],"wp:attachment":[{"href":"https:\/\/hortifruit.com\/de\/wp-json\/wp\/v2\/media?parent=37"}],"curies":[{"name":"wp","href":"https:\/\/api.w.org\/{rel}","templated":true}]}}